{"id":1962,"date":"2024-04-04T19:14:19","date_gmt":"2024-04-04T19:14:19","guid":{"rendered":"https:\/\/casadolivreiro.pt\/?post_type=product&#038;p=1962"},"modified":"2024-04-04T19:14:19","modified_gmt":"2024-04-04T19:14:19","slug":"lhomme-revolte-albert-camus","status":"publish","type":"product","link":"https:\/\/casadolivreiro.pt\/index.php\/product\/lhomme-revolte-albert-camus\/","title":{"rendered":"L\u2019HOMME R\u00c9VOLT\u00c9 &#8211; Albert Camus"},"content":{"rendered":"<p>L\u2019HOMME R\u00c9VOLT\u00c9<br \/>\nAlbert Camus<br \/>\nAno de edi\u00e7\u00e3o:\u00a0 1951<br \/>\nEditor: Gallimard<br \/>\nIdioma: Franc\u00eas<br \/>\nDimens\u00f5es: 12 x 2 x 18.5 cm<br \/>\nEncaderna\u00e7\u00e3o: Capa mole<br \/>\nP\u00e1ginas: 382<\/p>\n","protected":false},"excerpt":{"rendered":"<p>L\u2019HOMME R\u00c9VOLT\u00c9 Albert Camus Ano de edi\u00e7\u00e3o:\u00a0 1951 Editor: Gallimard Idioma: Franc\u00eas Dimens\u00f5es: 12 x 2 x 18.5 cm Encaderna\u00e7\u00e3o: Capa mole P\u00e1ginas: 382<\/p>\n","protected":false},"featured_media":1963,"comment_status":"open","ping_status":"closed","template":"","meta":{"om_disable_all_campaigns":false,"_monsterinsights_skip_tracking":false,"_monsterinsights_sitenote_active":false,"_monsterinsights_sitenote_note":"","_monsterinsights_sitenote_category":0,"_uf_show_specific_survey":0,"_uf_disable_surveys":false},"product_cat":[31,29,56],"product_tag":[],"aioseo_notices":[],"jetpack_sharing_enabled":true,"_links":{"self":[{"href":"https:\/\/casadolivreiro.pt\/index.php\/wp-json\/wp\/v2\/product\/1962"}],"collection":[{"href":"https:\/\/casadolivreiro.pt\/index.php\/wp-json\/wp\/v2\/product"}],"about":[{"href":"https:\/\/casadolivreiro.pt\/index.php\/wp-json\/wp\/v2\/types\/product"}],"replies":[{"embeddable":true,"href":"https:\/\/casadolivreiro.pt\/index.php\/wp-json\/wp\/v2\/comments?post=1962"}],"wp:featuredmedia":[{"embeddable":true,"href":"https:\/\/casadolivreiro.pt\/index.php\/wp-json\/wp\/v2\/media\/1963"}],"wp:attachment":[{"href":"https:\/\/casadolivreiro.pt\/index.php\/wp-json\/wp\/v2\/media?parent=1962"}],"wp:term":[{"taxonomy":"product_cat","embeddable":true,"href":"https:\/\/casadolivreiro.pt\/index.php\/wp-json\/wp\/v2\/product_cat?post=1962"},{"taxonomy":"product_tag","embeddable":true,"href":"https:\/\/casadolivreiro.pt\/index.php\/wp-json\/wp\/v2\/product_tag?post=1962"}],"curies":[{"name":"wp","href":"https:\/\/api.w.org\/{rel}","templated":true}]}}