{"id":1960,"date":"2024-04-04T19:10:56","date_gmt":"2024-04-04T19:10:56","guid":{"rendered":"https:\/\/casadolivreiro.pt\/?post_type=product&#038;p=1960"},"modified":"2024-04-04T19:10:56","modified_gmt":"2024-04-04T19:10:56","slug":"francois-le-bossu-par-la-comtesse-de-segur-nee-rostopchine","status":"publish","type":"product","link":"https:\/\/casadolivreiro.pt\/index.php\/product\/francois-le-bossu-par-la-comtesse-de-segur-nee-rostopchine\/","title":{"rendered":"FRAN\u00c7OIS LE BOSSU &#8211; Par la Comtesse de S\u00e9gur ( n\u00e9e Rostopchine)"},"content":{"rendered":"<p>FRAN\u00c7OIS LE BOSSU<br \/>\nPar la Comtesse de S\u00e9gur ( n\u00e9e Rostopchine)<br \/>\nAno de edi\u00e7\u00e3o: 1949<br \/>\nEditor: Librairie Hachette, Paris<br \/>\nIdioma: Franc\u00eas<br \/>\nDimens\u00f5es: 12 x 1.5 x 17 cm<br \/>\nEncaderna\u00e7\u00e3o: Capa mole<br \/>\nP\u00e1ginas: 228<\/p>\n","protected":false},"excerpt":{"rendered":"<p>FRAN\u00c7OIS LE BOSSU Par la Comtesse de S\u00e9gur ( n\u00e9e Rostopchine) Ano de edi\u00e7\u00e3o: 1949 Editor: Librairie Hachette, Paris Idioma: Franc\u00eas Dimens\u00f5es: 12 x 1.5 x 17 cm Encaderna\u00e7\u00e3o: Capa mole P\u00e1ginas: 228<\/p>\n","protected":false},"featured_media":1961,"comment_status":"open","ping_status":"closed","template":"","meta":{"om_disable_all_campaigns":false,"_monsterinsights_skip_tracking":false,"_monsterinsights_sitenote_active":false,"_monsterinsights_sitenote_note":"","_monsterinsights_sitenote_category":0,"_uf_show_specific_survey":0,"_uf_disable_surveys":false},"product_cat":[56],"product_tag":[],"aioseo_notices":[],"jetpack_sharing_enabled":true,"_links":{"self":[{"href":"https:\/\/casadolivreiro.pt\/index.php\/wp-json\/wp\/v2\/product\/1960"}],"collection":[{"href":"https:\/\/casadolivreiro.pt\/index.php\/wp-json\/wp\/v2\/product"}],"about":[{"href":"https:\/\/casadolivreiro.pt\/index.php\/wp-json\/wp\/v2\/types\/product"}],"replies":[{"embeddable":true,"href":"https:\/\/casadolivreiro.pt\/index.php\/wp-json\/wp\/v2\/comments?post=1960"}],"wp:featuredmedia":[{"embeddable":true,"href":"https:\/\/casadolivreiro.pt\/index.php\/wp-json\/wp\/v2\/media\/1961"}],"wp:attachment":[{"href":"https:\/\/casadolivreiro.pt\/index.php\/wp-json\/wp\/v2\/media?parent=1960"}],"wp:term":[{"taxonomy":"product_cat","embeddable":true,"href":"https:\/\/casadolivreiro.pt\/index.php\/wp-json\/wp\/v2\/product_cat?post=1960"},{"taxonomy":"product_tag","embeddable":true,"href":"https:\/\/casadolivreiro.pt\/index.php\/wp-json\/wp\/v2\/product_tag?post=1960"}],"curies":[{"name":"wp","href":"https:\/\/api.w.org\/{rel}","templated":true}]}}