{"id":1958,"date":"2024-04-04T19:08:06","date_gmt":"2024-04-04T19:08:06","guid":{"rendered":"https:\/\/casadolivreiro.pt\/?post_type=product&#038;p=1958"},"modified":"2024-04-04T19:08:06","modified_gmt":"2024-04-04T19:08:06","slug":"principes-de-portugal-suas-grandezas-e-miserias-aquilino-ribeiro","status":"publish","type":"product","link":"https:\/\/casadolivreiro.pt\/index.php\/product\/principes-de-portugal-suas-grandezas-e-miserias-aquilino-ribeiro\/","title":{"rendered":"PRINCIPES DE PORTUGAL: SUAS GRANDEZAS E MIS\u00c9RIAS Aquilino Ribeiro"},"content":{"rendered":"<p>PRINCIPES DE PORTUGAL: SUAS GRANDEZAS E MIS\u00c9RIAS<br \/>\nAquilino Ribeiro<br \/>\nAno de edi\u00e7\u00e3o: 1953<br \/>\nEditor: Livros do Brasil, Ltda. Lisboa<br \/>\nIdioma: Portugu\u00eas<br \/>\nDimens\u00f5es: 13 x 1.2 x 19.3 cm<br \/>\nEncaderna\u00e7\u00e3o: Capa mole<br \/>\nP\u00e1ginas: 228<\/p>\n","protected":false},"excerpt":{"rendered":"<p>PRINCIPES DE PORTUGAL: SUAS GRANDEZAS E MIS\u00c9RIAS Aquilino Ribeiro Ano de edi\u00e7\u00e3o: 1953 Editor: Livros do Brasil, Ltda. Lisboa Idioma: Portugu\u00eas Dimens\u00f5es: 13 x 1.2 x 19.3 cm Encaderna\u00e7\u00e3o: Capa mole P\u00e1ginas: 228<\/p>\n","protected":false},"featured_media":1959,"comment_status":"open","ping_status":"closed","template":"","meta":{"om_disable_all_campaigns":false,"_monsterinsights_skip_tracking":false,"_monsterinsights_sitenote_active":false,"_monsterinsights_sitenote_note":"","_monsterinsights_sitenote_category":0,"_uf_show_specific_survey":0,"_uf_disable_surveys":false},"product_cat":[28,30],"product_tag":[],"aioseo_notices":[],"jetpack_sharing_enabled":true,"_links":{"self":[{"href":"https:\/\/casadolivreiro.pt\/index.php\/wp-json\/wp\/v2\/product\/1958"}],"collection":[{"href":"https:\/\/casadolivreiro.pt\/index.php\/wp-json\/wp\/v2\/product"}],"about":[{"href":"https:\/\/casadolivreiro.pt\/index.php\/wp-json\/wp\/v2\/types\/product"}],"replies":[{"embeddable":true,"href":"https:\/\/casadolivreiro.pt\/index.php\/wp-json\/wp\/v2\/comments?post=1958"}],"wp:featuredmedia":[{"embeddable":true,"href":"https:\/\/casadolivreiro.pt\/index.php\/wp-json\/wp\/v2\/media\/1959"}],"wp:attachment":[{"href":"https:\/\/casadolivreiro.pt\/index.php\/wp-json\/wp\/v2\/media?parent=1958"}],"wp:term":[{"taxonomy":"product_cat","embeddable":true,"href":"https:\/\/casadolivreiro.pt\/index.php\/wp-json\/wp\/v2\/product_cat?post=1958"},{"taxonomy":"product_tag","embeddable":true,"href":"https:\/\/casadolivreiro.pt\/index.php\/wp-json\/wp\/v2\/product_tag?post=1958"}],"curies":[{"name":"wp","href":"https:\/\/api.w.org\/{rel}","templated":true}]}}