{"id":1956,"date":"2024-04-04T19:05:04","date_gmt":"2024-04-04T19:05:04","guid":{"rendered":"https:\/\/casadolivreiro.pt\/?post_type=product&#038;p=1956"},"modified":"2024-04-04T19:05:04","modified_gmt":"2024-04-04T19:05:04","slug":"os-construtores-do-mundo-o-combate-com-o-demonio-holderlin-kleist-nietzsche-stefan-zweig","status":"publish","type":"product","link":"https:\/\/casadolivreiro.pt\/index.php\/product\/os-construtores-do-mundo-o-combate-com-o-demonio-holderlin-kleist-nietzsche-stefan-zweig\/","title":{"rendered":"OS CONSTRUTORES DO MUNDO: O COMBATE COM O DEM\u00d3NIO HOLDERLIN \u2013 KLEIST \u2013 NIETZSCHE &#8211; Stefan Zweig"},"content":{"rendered":"<p>OS CONSTRUTORES DO MUNDO: O COMBATE COM O DEM\u00d3NIO<br \/>\nHOLDERLIN \u2013 KLEIST \u2013 NIETZSCHE<br \/>\nStefan Zweig<br \/>\nTradu\u00e7\u00e3o de Alice Ogando<br \/>\nAno de edi\u00e7\u00e3o: 1959<br \/>\nEditor: Livraria Civiliza\u00e7\u00e3o, Porto<br \/>\nIdioma: Portugu\u00eas<br \/>\nDimens\u00f5es: 13 x 1.7 x 19.5 cm<br \/>\nEncaderna\u00e7\u00e3o: Capa mole<br \/>\nP\u00e1ginas: 336<\/p>\n","protected":false},"excerpt":{"rendered":"<p>OS CONSTRUTORES DO MUNDO: O COMBATE COM O DEM\u00d3NIO HOLDERLIN \u2013 KLEIST \u2013 NIETZSCHE Stefan Zweig Tradu\u00e7\u00e3o de Alice Ogando Ano de edi\u00e7\u00e3o: 1959 Editor: Livraria Civiliza\u00e7\u00e3o, Porto Idioma: Portugu\u00eas Dimens\u00f5es: 13 x 1.7 x 19.5 cm Encaderna\u00e7\u00e3o: Capa mole P\u00e1ginas: 336<\/p>\n","protected":false},"featured_media":1957,"comment_status":"open","ping_status":"closed","template":"","meta":{"om_disable_all_campaigns":false,"_monsterinsights_skip_tracking":false,"_monsterinsights_sitenote_active":false,"_monsterinsights_sitenote_note":"","_monsterinsights_sitenote_category":0,"_uf_show_specific_survey":0,"_uf_disable_surveys":false},"product_cat":[31,29,51],"product_tag":[],"aioseo_notices":[],"jetpack_sharing_enabled":true,"_links":{"self":[{"href":"https:\/\/casadolivreiro.pt\/index.php\/wp-json\/wp\/v2\/product\/1956"}],"collection":[{"href":"https:\/\/casadolivreiro.pt\/index.php\/wp-json\/wp\/v2\/product"}],"about":[{"href":"https:\/\/casadolivreiro.pt\/index.php\/wp-json\/wp\/v2\/types\/product"}],"replies":[{"embeddable":true,"href":"https:\/\/casadolivreiro.pt\/index.php\/wp-json\/wp\/v2\/comments?post=1956"}],"wp:featuredmedia":[{"embeddable":true,"href":"https:\/\/casadolivreiro.pt\/index.php\/wp-json\/wp\/v2\/media\/1957"}],"wp:attachment":[{"href":"https:\/\/casadolivreiro.pt\/index.php\/wp-json\/wp\/v2\/media?parent=1956"}],"wp:term":[{"taxonomy":"product_cat","embeddable":true,"href":"https:\/\/casadolivreiro.pt\/index.php\/wp-json\/wp\/v2\/product_cat?post=1956"},{"taxonomy":"product_tag","embeddable":true,"href":"https:\/\/casadolivreiro.pt\/index.php\/wp-json\/wp\/v2\/product_tag?post=1956"}],"curies":[{"name":"wp","href":"https:\/\/api.w.org\/{rel}","templated":true}]}}