{"id":1954,"date":"2024-04-04T18:59:24","date_gmt":"2024-04-04T18:59:24","guid":{"rendered":"https:\/\/casadolivreiro.pt\/?post_type=product&#038;p=1954"},"modified":"2024-04-04T18:59:24","modified_gmt":"2024-04-04T18:59:24","slug":"leducation-sentimentale-histoire-dun-jeune-homme-gustave-flaubert","status":"publish","type":"product","link":"https:\/\/casadolivreiro.pt\/index.php\/product\/leducation-sentimentale-histoire-dun-jeune-homme-gustave-flaubert\/","title":{"rendered":"L\u2019\u00c9DUCATION SENTIMENTALE: Histoire D\u2019Un Jeune Homme &#8211; Gustave Flaubert"},"content":{"rendered":"<p>L\u2019\u00c9DUCATION SENTIMENTALE: Histoire D\u2019Un Jeune Homme<br \/>\nGustave Flaubert<br \/>\nBiblioth\u00e8que de Cluny, No. 33<br \/>\nAno de edi\u00e7\u00e3o: 1939<br \/>\nEditor: \u00c9ditions de Cluny<br \/>\nIdioma: Franc\u00eas<br \/>\nDimens\u00f5es: 11.3 x 2.8 x 18 cm<br \/>\nEncaderna\u00e7\u00e3o: Capa mole<br \/>\nP\u00e1ginas: 480<\/p>\n","protected":false},"excerpt":{"rendered":"<p>L\u2019\u00c9DUCATION SENTIMENTALE: Histoire D\u2019Un Jeune Homme Gustave Flaubert Biblioth\u00e8que de Cluny, No. 33 Ano de edi\u00e7\u00e3o: 1939 Editor: \u00c9ditions de Cluny Idioma: Franc\u00eas Dimens\u00f5es: 11.3 x 2.8 x 18 cm Encaderna\u00e7\u00e3o: Capa mole P\u00e1ginas: 480<\/p>\n","protected":false},"featured_media":1955,"comment_status":"open","ping_status":"closed","template":"","meta":{"om_disable_all_campaigns":false,"_monsterinsights_skip_tracking":false,"_monsterinsights_sitenote_active":false,"_monsterinsights_sitenote_note":"","_monsterinsights_sitenote_category":0,"_uf_show_specific_survey":0,"_uf_disable_surveys":false},"product_cat":[56],"product_tag":[],"aioseo_notices":[],"jetpack_sharing_enabled":true,"_links":{"self":[{"href":"https:\/\/casadolivreiro.pt\/index.php\/wp-json\/wp\/v2\/product\/1954"}],"collection":[{"href":"https:\/\/casadolivreiro.pt\/index.php\/wp-json\/wp\/v2\/product"}],"about":[{"href":"https:\/\/casadolivreiro.pt\/index.php\/wp-json\/wp\/v2\/types\/product"}],"replies":[{"embeddable":true,"href":"https:\/\/casadolivreiro.pt\/index.php\/wp-json\/wp\/v2\/comments?post=1954"}],"wp:featuredmedia":[{"embeddable":true,"href":"https:\/\/casadolivreiro.pt\/index.php\/wp-json\/wp\/v2\/media\/1955"}],"wp:attachment":[{"href":"https:\/\/casadolivreiro.pt\/index.php\/wp-json\/wp\/v2\/media?parent=1954"}],"wp:term":[{"taxonomy":"product_cat","embeddable":true,"href":"https:\/\/casadolivreiro.pt\/index.php\/wp-json\/wp\/v2\/product_cat?post=1954"},{"taxonomy":"product_tag","embeddable":true,"href":"https:\/\/casadolivreiro.pt\/index.php\/wp-json\/wp\/v2\/product_tag?post=1954"}],"curies":[{"name":"wp","href":"https:\/\/api.w.org\/{rel}","templated":true}]}}