{"id":1952,"date":"2024-04-04T18:46:48","date_gmt":"2024-04-04T18:46:48","guid":{"rendered":"https:\/\/casadolivreiro.pt\/?post_type=product&#038;p=1952"},"modified":"2024-04-04T18:46:49","modified_gmt":"2024-04-04T18:46:49","slug":"prestes-lutas-e-autocriticas-denis-de-moraes-francisco-viana","status":"publish","type":"product","link":"https:\/\/casadolivreiro.pt\/index.php\/product\/prestes-lutas-e-autocriticas-denis-de-moraes-francisco-viana\/","title":{"rendered":"PRESTES: LUTAS E AUTOCR\u00cdTICAS &#8211; D\u00eanis de Moraes, Francisco Viana"},"content":{"rendered":"<p>PRESTES: LUTAS E AUTOCR\u00cdTICAS<br \/>\nD\u00eanis de Moraes, Francisco Viana<br \/>\nPref\u00e1cio de Raymundo Faoro<br \/>\nAno de edi\u00e7\u00e3o: 1982<br \/>\nEditor: Editora Vozes Ltda. Petr\u00f3polis, Brasil<br \/>\nIdioma: Portugu\u00eas<br \/>\nDimens\u00f5es: 13.5 x 1.4 x 21<br \/>\nEncaderna\u00e7\u00e3o: Capa mole<br \/>\nP\u00e1ginas: 227<\/p>\n","protected":false},"excerpt":{"rendered":"<p>PRESTES: LUTAS E AUTOCR\u00cdTICAS D\u00eanis de Moraes, Francisco Viana Pref\u00e1cio de Raymundo Faoro Ano de edi\u00e7\u00e3o: 1982 Editor: Editora Vozes Ltda. Petr\u00f3polis, Brasil Idioma: Portugu\u00eas Dimens\u00f5es: 13.5 x 1.4 x 21 Encaderna\u00e7\u00e3o: Capa mole P\u00e1ginas: 227<\/p>\n","protected":false},"featured_media":1953,"comment_status":"open","ping_status":"closed","template":"","meta":{"om_disable_all_campaigns":false,"_monsterinsights_skip_tracking":false,"_monsterinsights_sitenote_active":false,"_monsterinsights_sitenote_note":"","_monsterinsights_sitenote_category":0,"_uf_show_specific_survey":0,"_uf_disable_surveys":false},"product_cat":[28,51],"product_tag":[],"aioseo_notices":[],"jetpack_sharing_enabled":true,"_links":{"self":[{"href":"https:\/\/casadolivreiro.pt\/index.php\/wp-json\/wp\/v2\/product\/1952"}],"collection":[{"href":"https:\/\/casadolivreiro.pt\/index.php\/wp-json\/wp\/v2\/product"}],"about":[{"href":"https:\/\/casadolivreiro.pt\/index.php\/wp-json\/wp\/v2\/types\/product"}],"replies":[{"embeddable":true,"href":"https:\/\/casadolivreiro.pt\/index.php\/wp-json\/wp\/v2\/comments?post=1952"}],"wp:featuredmedia":[{"embeddable":true,"href":"https:\/\/casadolivreiro.pt\/index.php\/wp-json\/wp\/v2\/media\/1953"}],"wp:attachment":[{"href":"https:\/\/casadolivreiro.pt\/index.php\/wp-json\/wp\/v2\/media?parent=1952"}],"wp:term":[{"taxonomy":"product_cat","embeddable":true,"href":"https:\/\/casadolivreiro.pt\/index.php\/wp-json\/wp\/v2\/product_cat?post=1952"},{"taxonomy":"product_tag","embeddable":true,"href":"https:\/\/casadolivreiro.pt\/index.php\/wp-json\/wp\/v2\/product_tag?post=1952"}],"curies":[{"name":"wp","href":"https:\/\/api.w.org\/{rel}","templated":true}]}}