{"id":1940,"date":"2024-04-04T18:14:23","date_gmt":"2024-04-04T18:14:23","guid":{"rendered":"https:\/\/casadolivreiro.pt\/?post_type=product&#038;p=1940"},"modified":"2024-04-04T18:14:24","modified_gmt":"2024-04-04T18:14:24","slug":"macintosh-se-30","status":"publish","type":"product","link":"https:\/\/casadolivreiro.pt\/index.php\/product\/macintosh-se-30\/","title":{"rendered":"MACINTOSH SE 30"},"content":{"rendered":"<p>MACINTOSH SE 30<br \/>\nAno de edi\u00e7\u00e3o:\u00a0 1987<br \/>\nEditor: Interlog inform\u00e1tica sa, Lisboa<br \/>\nIdioma: Portugu\u00eas<br \/>\nDimens\u00f5es: 19 x 1\u00a0 x 23 cm<br \/>\nEncaderna\u00e7\u00e3o: Capa mole<br \/>\nP\u00e1ginas 125<\/p>\n","protected":false},"excerpt":{"rendered":"<p>MACINTOSH SE 30 Ano de edi\u00e7\u00e3o:\u00a0 1987 Editor: Interlog inform\u00e1tica sa, Lisboa Idioma: Portugu\u00eas Dimens\u00f5es: 19 x 1\u00a0 x 23 cm Encaderna\u00e7\u00e3o: Capa mole P\u00e1ginas 125<\/p>\n","protected":false},"featured_media":1941,"comment_status":"open","ping_status":"closed","template":"","meta":{"om_disable_all_campaigns":false,"_monsterinsights_skip_tracking":false,"_monsterinsights_sitenote_active":false,"_monsterinsights_sitenote_note":"","_monsterinsights_sitenote_category":0,"_uf_show_specific_survey":0,"_uf_disable_surveys":false},"product_cat":[48],"product_tag":[],"aioseo_notices":[],"jetpack_sharing_enabled":true,"_links":{"self":[{"href":"https:\/\/casadolivreiro.pt\/index.php\/wp-json\/wp\/v2\/product\/1940"}],"collection":[{"href":"https:\/\/casadolivreiro.pt\/index.php\/wp-json\/wp\/v2\/product"}],"about":[{"href":"https:\/\/casadolivreiro.pt\/index.php\/wp-json\/wp\/v2\/types\/product"}],"replies":[{"embeddable":true,"href":"https:\/\/casadolivreiro.pt\/index.php\/wp-json\/wp\/v2\/comments?post=1940"}],"wp:featuredmedia":[{"embeddable":true,"href":"https:\/\/casadolivreiro.pt\/index.php\/wp-json\/wp\/v2\/media\/1941"}],"wp:attachment":[{"href":"https:\/\/casadolivreiro.pt\/index.php\/wp-json\/wp\/v2\/media?parent=1940"}],"wp:term":[{"taxonomy":"product_cat","embeddable":true,"href":"https:\/\/casadolivreiro.pt\/index.php\/wp-json\/wp\/v2\/product_cat?post=1940"},{"taxonomy":"product_tag","embeddable":true,"href":"https:\/\/casadolivreiro.pt\/index.php\/wp-json\/wp\/v2\/product_tag?post=1940"}],"curies":[{"name":"wp","href":"https:\/\/api.w.org\/{rel}","templated":true}]}}