{"id":1938,"date":"2024-04-04T18:11:30","date_gmt":"2024-04-04T18:11:30","guid":{"rendered":"https:\/\/casadolivreiro.pt\/?post_type=product&#038;p=1938"},"modified":"2024-04-04T18:11:30","modified_gmt":"2024-04-04T18:11:30","slug":"microsoft-file-para-o-apple-macintosh","status":"publish","type":"product","link":"https:\/\/casadolivreiro.pt\/index.php\/product\/microsoft-file-para-o-apple-macintosh\/","title":{"rendered":"MICROSOFT FILE PARA O APPLE MACINTOSH"},"content":{"rendered":"<p>MICROSOFT FILE PARA O APPLE MACINTOSH<br \/>\nAno de edi\u00e7\u00e3o:\u00a0 1987<br \/>\nEditor: Microsoft Corporation, Redmond WA, US<br \/>\nIdioma: Portugu\u00eas<br \/>\nDimens\u00f5es: 20.5 x 1.3\u00a0 x 22.5 cm<br \/>\nEncaderna\u00e7\u00e3o: Capa mole<br \/>\nP\u00e1ginas: 247<\/p>\n","protected":false},"excerpt":{"rendered":"<p>MICROSOFT FILE PARA O APPLE MACINTOSH Ano de edi\u00e7\u00e3o:\u00a0 1987 Editor: Microsoft Corporation, Redmond WA, US Idioma: Portugu\u00eas Dimens\u00f5es: 20.5 x 1.3\u00a0 x 22.5 cm Encaderna\u00e7\u00e3o: Capa mole P\u00e1ginas: 247<\/p>\n","protected":false},"featured_media":1939,"comment_status":"open","ping_status":"closed","template":"","meta":{"om_disable_all_campaigns":false,"_monsterinsights_skip_tracking":false,"_monsterinsights_sitenote_active":false,"_monsterinsights_sitenote_note":"","_monsterinsights_sitenote_category":0,"_uf_show_specific_survey":0,"_uf_disable_surveys":false},"product_cat":[48],"product_tag":[],"aioseo_notices":[],"jetpack_sharing_enabled":true,"_links":{"self":[{"href":"https:\/\/casadolivreiro.pt\/index.php\/wp-json\/wp\/v2\/product\/1938"}],"collection":[{"href":"https:\/\/casadolivreiro.pt\/index.php\/wp-json\/wp\/v2\/product"}],"about":[{"href":"https:\/\/casadolivreiro.pt\/index.php\/wp-json\/wp\/v2\/types\/product"}],"replies":[{"embeddable":true,"href":"https:\/\/casadolivreiro.pt\/index.php\/wp-json\/wp\/v2\/comments?post=1938"}],"wp:featuredmedia":[{"embeddable":true,"href":"https:\/\/casadolivreiro.pt\/index.php\/wp-json\/wp\/v2\/media\/1939"}],"wp:attachment":[{"href":"https:\/\/casadolivreiro.pt\/index.php\/wp-json\/wp\/v2\/media?parent=1938"}],"wp:term":[{"taxonomy":"product_cat","embeddable":true,"href":"https:\/\/casadolivreiro.pt\/index.php\/wp-json\/wp\/v2\/product_cat?post=1938"},{"taxonomy":"product_tag","embeddable":true,"href":"https:\/\/casadolivreiro.pt\/index.php\/wp-json\/wp\/v2\/product_tag?post=1938"}],"curies":[{"name":"wp","href":"https:\/\/api.w.org\/{rel}","templated":true}]}}