{"id":1930,"date":"2024-04-04T00:09:44","date_gmt":"2024-04-04T00:09:44","guid":{"rendered":"https:\/\/casadolivreiro.pt\/?post_type=product&#038;p=1930"},"modified":"2024-04-04T00:09:44","modified_gmt":"2024-04-04T00:09:44","slug":"crepusculo-ou-aurora-raymond-beach","status":"publish","type":"product","link":"https:\/\/casadolivreiro.pt\/index.php\/product\/crepusculo-ou-aurora-raymond-beach\/","title":{"rendered":"CREP\u00daSCULO OU AURORA? &#8211; Raymond Beach"},"content":{"rendered":"<p>CREP\u00daSCULO OU AURORA?<br \/>\nRaymond Beach<br \/>\nAno de edi\u00e7\u00e3o:\u00a0 1946<br \/>\nEditor: Publicadora Atl\u00e2ntico, Lda. Lisboa<br \/>\nIdioma: Portugu\u00eas<br \/>\nDimens\u00f5es: 14.3 x 1.8\u00a0 x 21.5 cm<br \/>\nEncaderna\u00e7\u00e3o: Capa mole<br \/>\nP\u00e1ginas: 190<\/p>\n","protected":false},"excerpt":{"rendered":"<p>CREP\u00daSCULO OU AURORA? Raymond Beach Ano de edi\u00e7\u00e3o:\u00a0 1946 Editor: Publicadora Atl\u00e2ntico, Lda. Lisboa Idioma: Portugu\u00eas Dimens\u00f5es: 14.3 x 1.8\u00a0 x 21.5 cm Encaderna\u00e7\u00e3o: Capa mole P\u00e1ginas: 190<\/p>\n","protected":false},"featured_media":1931,"comment_status":"open","ping_status":"closed","template":"","meta":{"om_disable_all_campaigns":false,"_monsterinsights_skip_tracking":false,"_monsterinsights_sitenote_active":false,"_monsterinsights_sitenote_note":"","_monsterinsights_sitenote_category":0,"_uf_show_specific_survey":0,"_uf_disable_surveys":false},"product_cat":[31,33,29,30],"product_tag":[],"aioseo_notices":[],"jetpack_sharing_enabled":true,"_links":{"self":[{"href":"https:\/\/casadolivreiro.pt\/index.php\/wp-json\/wp\/v2\/product\/1930"}],"collection":[{"href":"https:\/\/casadolivreiro.pt\/index.php\/wp-json\/wp\/v2\/product"}],"about":[{"href":"https:\/\/casadolivreiro.pt\/index.php\/wp-json\/wp\/v2\/types\/product"}],"replies":[{"embeddable":true,"href":"https:\/\/casadolivreiro.pt\/index.php\/wp-json\/wp\/v2\/comments?post=1930"}],"wp:featuredmedia":[{"embeddable":true,"href":"https:\/\/casadolivreiro.pt\/index.php\/wp-json\/wp\/v2\/media\/1931"}],"wp:attachment":[{"href":"https:\/\/casadolivreiro.pt\/index.php\/wp-json\/wp\/v2\/media?parent=1930"}],"wp:term":[{"taxonomy":"product_cat","embeddable":true,"href":"https:\/\/casadolivreiro.pt\/index.php\/wp-json\/wp\/v2\/product_cat?post=1930"},{"taxonomy":"product_tag","embeddable":true,"href":"https:\/\/casadolivreiro.pt\/index.php\/wp-json\/wp\/v2\/product_tag?post=1930"}],"curies":[{"name":"wp","href":"https:\/\/api.w.org\/{rel}","templated":true}]}}