{"id":1922,"date":"2024-04-03T23:57:02","date_gmt":"2024-04-03T23:57:02","guid":{"rendered":"https:\/\/casadolivreiro.pt\/?post_type=product&#038;p=1922"},"modified":"2024-04-03T23:57:02","modified_gmt":"2024-04-03T23:57:02","slug":"discours-de-la-methode-pour-bien-conduire-sa-raison-et-chercher-la-verite-dans-les-sciences-rene-descartes","status":"publish","type":"product","link":"https:\/\/casadolivreiro.pt\/index.php\/product\/discours-de-la-methode-pour-bien-conduire-sa-raison-et-chercher-la-verite-dans-les-sciences-rene-descartes\/","title":{"rendered":"DISCOURS DE LA M\u00c9THODE pour bien conduire sa raison et chercher la verit\u00e9 dans les  sciences &#8211; Ren\u00e9 Descartes"},"content":{"rendered":"<p>DISCOURS DE LA M\u00c9THODE pour bien conduire sa raison et chercher la verit\u00e9 dans les\u00a0 sciences<br \/>\nRen\u00e9 Descartes<br \/>\nAno de edi\u00e7\u00e3o: 1943<br \/>\nEditor: Editions de Cluny, Paris<br \/>\nIdioma: Franc\u00eas<br \/>\nDimens\u00f5es: 11.5 x 1.2 x 18 cm<br \/>\nEncaderna\u00e7\u00e3o: Capa mole<br \/>\nP\u00e1ginas: 193<\/p>\n","protected":false},"excerpt":{"rendered":"<p>DISCOURS DE LA M\u00c9THODE pour bien conduire sa raison et chercher la verit\u00e9 dans les\u00a0 sciences Ren\u00e9 Descartes Ano de edi\u00e7\u00e3o: 1943 Editor: Editions de Cluny, Paris Idioma: Franc\u00eas Dimens\u00f5es: 11.5 x 1.2 x 18 cm Encaderna\u00e7\u00e3o: Capa mole P\u00e1ginas: 193<\/p>\n","protected":false},"featured_media":1923,"comment_status":"open","ping_status":"closed","template":"","meta":{"om_disable_all_campaigns":false,"_monsterinsights_skip_tracking":false,"_monsterinsights_sitenote_active":false,"_monsterinsights_sitenote_note":"","_monsterinsights_sitenote_category":0,"_uf_show_specific_survey":0,"_uf_disable_surveys":false},"product_cat":[31,29,56],"product_tag":[],"aioseo_notices":[],"jetpack_sharing_enabled":true,"_links":{"self":[{"href":"https:\/\/casadolivreiro.pt\/index.php\/wp-json\/wp\/v2\/product\/1922"}],"collection":[{"href":"https:\/\/casadolivreiro.pt\/index.php\/wp-json\/wp\/v2\/product"}],"about":[{"href":"https:\/\/casadolivreiro.pt\/index.php\/wp-json\/wp\/v2\/types\/product"}],"replies":[{"embeddable":true,"href":"https:\/\/casadolivreiro.pt\/index.php\/wp-json\/wp\/v2\/comments?post=1922"}],"wp:featuredmedia":[{"embeddable":true,"href":"https:\/\/casadolivreiro.pt\/index.php\/wp-json\/wp\/v2\/media\/1923"}],"wp:attachment":[{"href":"https:\/\/casadolivreiro.pt\/index.php\/wp-json\/wp\/v2\/media?parent=1922"}],"wp:term":[{"taxonomy":"product_cat","embeddable":true,"href":"https:\/\/casadolivreiro.pt\/index.php\/wp-json\/wp\/v2\/product_cat?post=1922"},{"taxonomy":"product_tag","embeddable":true,"href":"https:\/\/casadolivreiro.pt\/index.php\/wp-json\/wp\/v2\/product_tag?post=1922"}],"curies":[{"name":"wp","href":"https:\/\/api.w.org\/{rel}","templated":true}]}}