{"id":1920,"date":"2024-04-03T23:54:05","date_gmt":"2024-04-03T23:54:05","guid":{"rendered":"https:\/\/casadolivreiro.pt\/?post_type=product&#038;p=1920"},"modified":"2024-04-03T23:54:05","modified_gmt":"2024-04-03T23:54:05","slug":"iniciacao-literaria-emilio-faguet","status":"publish","type":"product","link":"https:\/\/casadolivreiro.pt\/index.php\/product\/iniciacao-literaria-emilio-faguet\/","title":{"rendered":"INICIA\u00c7\u00c3O LITERARIA &#8211; Emilio Faguet"},"content":{"rendered":"<p>INICIA\u00c7\u00c3O LITERARIA<br \/>\nEmilio Faguet<br \/>\nTradu\u00e7\u00e3o de Chagas Franco<br \/>\nBiblioteca de educa\u00e7\u00e3o racional<br \/>\nAno de edi\u00e7\u00e3o:\u00a0 1935<br \/>\nEditor: Livraria editora Guimar\u00e3es &amp; C.a, Lisboa<br \/>\nIdioma: Portugu\u00eas<br \/>\nDimens\u00f5es: 12 x 1.5\u00a0 x 18.5 cm<br \/>\nEncaderna\u00e7\u00e3o: Capa mole<br \/>\nP\u00e1ginas: 203<\/p>\n","protected":false},"excerpt":{"rendered":"<p>INICIA\u00c7\u00c3O LITERARIA Emilio Faguet Tradu\u00e7\u00e3o de Chagas Franco Biblioteca de educa\u00e7\u00e3o racional Ano de edi\u00e7\u00e3o:\u00a0 1935 Editor: Livraria editora Guimar\u00e3es &amp; C.a, Lisboa Idioma: Portugu\u00eas Dimens\u00f5es: 12 x 1.5\u00a0 x 18.5 cm Encaderna\u00e7\u00e3o: Capa mole P\u00e1ginas: 203<\/p>\n","protected":false},"featured_media":1921,"comment_status":"open","ping_status":"closed","template":"","meta":{"om_disable_all_campaigns":false,"_monsterinsights_skip_tracking":false,"_monsterinsights_sitenote_active":false,"_monsterinsights_sitenote_note":"","_monsterinsights_sitenote_category":0,"_uf_show_specific_survey":0,"_uf_disable_surveys":false},"product_cat":[31,47,29],"product_tag":[],"aioseo_notices":[],"jetpack_sharing_enabled":true,"_links":{"self":[{"href":"https:\/\/casadolivreiro.pt\/index.php\/wp-json\/wp\/v2\/product\/1920"}],"collection":[{"href":"https:\/\/casadolivreiro.pt\/index.php\/wp-json\/wp\/v2\/product"}],"about":[{"href":"https:\/\/casadolivreiro.pt\/index.php\/wp-json\/wp\/v2\/types\/product"}],"replies":[{"embeddable":true,"href":"https:\/\/casadolivreiro.pt\/index.php\/wp-json\/wp\/v2\/comments?post=1920"}],"wp:featuredmedia":[{"embeddable":true,"href":"https:\/\/casadolivreiro.pt\/index.php\/wp-json\/wp\/v2\/media\/1921"}],"wp:attachment":[{"href":"https:\/\/casadolivreiro.pt\/index.php\/wp-json\/wp\/v2\/media?parent=1920"}],"wp:term":[{"taxonomy":"product_cat","embeddable":true,"href":"https:\/\/casadolivreiro.pt\/index.php\/wp-json\/wp\/v2\/product_cat?post=1920"},{"taxonomy":"product_tag","embeddable":true,"href":"https:\/\/casadolivreiro.pt\/index.php\/wp-json\/wp\/v2\/product_tag?post=1920"}],"curies":[{"name":"wp","href":"https:\/\/api.w.org\/{rel}","templated":true}]}}