{"id":1918,"date":"2024-04-03T23:50:57","date_gmt":"2024-04-03T23:50:57","guid":{"rendered":"https:\/\/casadolivreiro.pt\/?post_type=product&#038;p=1918"},"modified":"2024-04-03T23:50:57","modified_gmt":"2024-04-03T23:50:57","slug":"a-reproducao-nas-plantas-nos-animais-e-no-homem-ramiro-da-fonseca","status":"publish","type":"product","link":"https:\/\/casadolivreiro.pt\/index.php\/product\/a-reproducao-nas-plantas-nos-animais-e-no-homem-ramiro-da-fonseca\/","title":{"rendered":"A REPRODU\u00c7\u00c3O NAS PLANTAS, NOS ANIMAIS E NO HOMEM &#8211; Ramiro da Fonseca"},"content":{"rendered":"<p>A REPRODU\u00c7\u00c3O NAS PLANTAS, NOS ANIMAIS E NO HOMEM<br \/>\nRamiro da Fonseca<br \/>\nBiblioteca Cosmos No. 106 -107, 1\u00aa Sec\u00e7\u00e3o \u2013 Ci\u00eancias e T\u00e9cnicas \u2013 N\u00famero 48-49.<br \/>\nAno de edi\u00e7\u00e3o:\u00a0 1946<br \/>\nEditor: Cosmos, Lisboa<br \/>\nIdioma: Portugu\u00eas<br \/>\nDimens\u00f5es: 13 x 1.6\u00a0 x 19.3 cm<br \/>\nEncaderna\u00e7\u00e3o: Capa mole<br \/>\nP\u00e1ginas: 220<\/p>\n","protected":false},"excerpt":{"rendered":"<p>A REPRODU\u00c7\u00c3O NAS PLANTAS, NOS ANIMAIS E NO HOMEM Ramiro da Fonseca Biblioteca Cosmos No. 106 -107, 1\u00aa Sec\u00e7\u00e3o \u2013 Ci\u00eancias e T\u00e9cnicas \u2013 N\u00famero 48-49. Ano de edi\u00e7\u00e3o:\u00a0 1946 Editor: Cosmos, Lisboa Idioma: Portugu\u00eas Dimens\u00f5es: 13 x 1.6\u00a0 x 19.3 cm Encaderna\u00e7\u00e3o: Capa mole P\u00e1ginas: 220<\/p>\n","protected":false},"featured_media":1919,"comment_status":"open","ping_status":"closed","template":"","meta":{"om_disable_all_campaigns":false,"_monsterinsights_skip_tracking":false,"_monsterinsights_sitenote_active":false,"_monsterinsights_sitenote_note":"","_monsterinsights_sitenote_category":0,"_uf_show_specific_survey":0,"_uf_disable_surveys":false},"product_cat":[32,43,67],"product_tag":[],"aioseo_notices":[],"jetpack_sharing_enabled":true,"_links":{"self":[{"href":"https:\/\/casadolivreiro.pt\/index.php\/wp-json\/wp\/v2\/product\/1918"}],"collection":[{"href":"https:\/\/casadolivreiro.pt\/index.php\/wp-json\/wp\/v2\/product"}],"about":[{"href":"https:\/\/casadolivreiro.pt\/index.php\/wp-json\/wp\/v2\/types\/product"}],"replies":[{"embeddable":true,"href":"https:\/\/casadolivreiro.pt\/index.php\/wp-json\/wp\/v2\/comments?post=1918"}],"wp:featuredmedia":[{"embeddable":true,"href":"https:\/\/casadolivreiro.pt\/index.php\/wp-json\/wp\/v2\/media\/1919"}],"wp:attachment":[{"href":"https:\/\/casadolivreiro.pt\/index.php\/wp-json\/wp\/v2\/media?parent=1918"}],"wp:term":[{"taxonomy":"product_cat","embeddable":true,"href":"https:\/\/casadolivreiro.pt\/index.php\/wp-json\/wp\/v2\/product_cat?post=1918"},{"taxonomy":"product_tag","embeddable":true,"href":"https:\/\/casadolivreiro.pt\/index.php\/wp-json\/wp\/v2\/product_tag?post=1918"}],"curies":[{"name":"wp","href":"https:\/\/api.w.org\/{rel}","templated":true}]}}