{"id":1916,"date":"2024-04-03T23:47:51","date_gmt":"2024-04-03T23:47:51","guid":{"rendered":"https:\/\/casadolivreiro.pt\/?post_type=product&#038;p=1916"},"modified":"2024-04-03T23:47:52","modified_gmt":"2024-04-03T23:47:52","slug":"lage-des-ailes-berthe-bernage","status":"publish","type":"product","link":"https:\/\/casadolivreiro.pt\/index.php\/product\/lage-des-ailes-berthe-bernage\/","title":{"rendered":"L\u2019AGE DES AILES &#8211; Berthe Bernage"},"content":{"rendered":"<p>L\u2019AGE DES AILES<br \/>\nBerthe Bernage<br \/>\nAno de edi\u00e7\u00e3o: 1946<br \/>\nEditor: Editions des Loisirs<br \/>\nIdioma: Franc\u00eas<br \/>\nDimens\u00f5es: 12 x 1.2 x 18.5 cm<br \/>\nEncaderna\u00e7\u00e3o: Capa mole<br \/>\nP\u00e1ginas: 189<\/p>\n","protected":false},"excerpt":{"rendered":"<p>L\u2019AGE DES AILES Berthe Bernage Ano de edi\u00e7\u00e3o: 1946 Editor: Editions des Loisirs Idioma: Franc\u00eas Dimens\u00f5es: 12 x 1.2 x 18.5 cm Encaderna\u00e7\u00e3o: Capa mole P\u00e1ginas: 189<\/p>\n","protected":false},"featured_media":1917,"comment_status":"open","ping_status":"closed","template":"","meta":{"om_disable_all_campaigns":false,"_monsterinsights_skip_tracking":false,"_monsterinsights_sitenote_active":false,"_monsterinsights_sitenote_note":"","_monsterinsights_sitenote_category":0,"_uf_show_specific_survey":0,"_uf_disable_surveys":false},"product_cat":[56],"product_tag":[],"aioseo_notices":[],"jetpack_sharing_enabled":true,"_links":{"self":[{"href":"https:\/\/casadolivreiro.pt\/index.php\/wp-json\/wp\/v2\/product\/1916"}],"collection":[{"href":"https:\/\/casadolivreiro.pt\/index.php\/wp-json\/wp\/v2\/product"}],"about":[{"href":"https:\/\/casadolivreiro.pt\/index.php\/wp-json\/wp\/v2\/types\/product"}],"replies":[{"embeddable":true,"href":"https:\/\/casadolivreiro.pt\/index.php\/wp-json\/wp\/v2\/comments?post=1916"}],"wp:featuredmedia":[{"embeddable":true,"href":"https:\/\/casadolivreiro.pt\/index.php\/wp-json\/wp\/v2\/media\/1917"}],"wp:attachment":[{"href":"https:\/\/casadolivreiro.pt\/index.php\/wp-json\/wp\/v2\/media?parent=1916"}],"wp:term":[{"taxonomy":"product_cat","embeddable":true,"href":"https:\/\/casadolivreiro.pt\/index.php\/wp-json\/wp\/v2\/product_cat?post=1916"},{"taxonomy":"product_tag","embeddable":true,"href":"https:\/\/casadolivreiro.pt\/index.php\/wp-json\/wp\/v2\/product_tag?post=1916"}],"curies":[{"name":"wp","href":"https:\/\/api.w.org\/{rel}","templated":true}]}}