{"id":1912,"date":"2024-04-03T23:41:54","date_gmt":"2024-04-03T23:41:54","guid":{"rendered":"https:\/\/casadolivreiro.pt\/?post_type=product&#038;p=1912"},"modified":"2024-04-03T23:41:54","modified_gmt":"2024-04-03T23:41:54","slug":"theatre-complet-no-4-les-fusils-de-la-mere-carrar-la-vie-de-galilee-mere-courage-et-ses-enfants-la-bonne-ame-du-se-tchouan-bertolt-brecht","status":"publish","type":"product","link":"https:\/\/casadolivreiro.pt\/index.php\/product\/theatre-complet-no-4-les-fusils-de-la-mere-carrar-la-vie-de-galilee-mere-courage-et-ses-enfants-la-bonne-ame-du-se-tchouan-bertolt-brecht\/","title":{"rendered":"TH\u00c9\u00c2TRE COMPLET No.4 ( Les Fusils de la m\u00e8re Carrar, La Vie de Galil\u00e9e, M\u00e8re Courage et ses enfants, La Bonne \u00e2me du Se-Tchouan Bertolt Brecht"},"content":{"rendered":"<p>TH\u00c9\u00c2TRE COMPLET No.4 ( Les Fusils de la m\u00e8re Carrar, La Vie de Galil\u00e9e, M\u00e8re Courage et ses enfants, La Bonne \u00e2me du Se-Tchouan<br \/>\nBertolt Brecht<br \/>\nAno de edi\u00e7\u00e3o: 1975<br \/>\nEditor: L\u2019Arche, Paris<br \/>\nIdioma: Franc\u00eas<br \/>\nDimens\u00f5es: 11.5 x 1.8 x 20 cm<br \/>\nEncaderna\u00e7\u00e3o: Capa mole<br \/>\nP\u00e1ginas: 233<\/p>\n","protected":false},"excerpt":{"rendered":"<p>TH\u00c9\u00c2TRE COMPLET No.4 ( Les Fusils de la m\u00e8re Carrar, La Vie de Galil\u00e9e, M\u00e8re Courage et ses enfants, La Bonne \u00e2me du Se-Tchouan Bertolt Brecht Ano de edi\u00e7\u00e3o: 1975 Editor: L\u2019Arche, Paris Idioma: Franc\u00eas Dimens\u00f5es: 11.5 x 1.8 x 20 cm Encaderna\u00e7\u00e3o: Capa mole P\u00e1ginas: 233<\/p>\n","protected":false},"featured_media":1913,"comment_status":"open","ping_status":"closed","template":"","meta":{"om_disable_all_campaigns":false,"_monsterinsights_skip_tracking":false,"_monsterinsights_sitenote_active":false,"_monsterinsights_sitenote_note":"","_monsterinsights_sitenote_category":0,"_uf_show_specific_survey":0,"_uf_disable_surveys":false},"product_cat":[26,56],"product_tag":[],"aioseo_notices":[],"jetpack_sharing_enabled":true,"_links":{"self":[{"href":"https:\/\/casadolivreiro.pt\/index.php\/wp-json\/wp\/v2\/product\/1912"}],"collection":[{"href":"https:\/\/casadolivreiro.pt\/index.php\/wp-json\/wp\/v2\/product"}],"about":[{"href":"https:\/\/casadolivreiro.pt\/index.php\/wp-json\/wp\/v2\/types\/product"}],"replies":[{"embeddable":true,"href":"https:\/\/casadolivreiro.pt\/index.php\/wp-json\/wp\/v2\/comments?post=1912"}],"wp:featuredmedia":[{"embeddable":true,"href":"https:\/\/casadolivreiro.pt\/index.php\/wp-json\/wp\/v2\/media\/1913"}],"wp:attachment":[{"href":"https:\/\/casadolivreiro.pt\/index.php\/wp-json\/wp\/v2\/media?parent=1912"}],"wp:term":[{"taxonomy":"product_cat","embeddable":true,"href":"https:\/\/casadolivreiro.pt\/index.php\/wp-json\/wp\/v2\/product_cat?post=1912"},{"taxonomy":"product_tag","embeddable":true,"href":"https:\/\/casadolivreiro.pt\/index.php\/wp-json\/wp\/v2\/product_tag?post=1912"}],"curies":[{"name":"wp","href":"https:\/\/api.w.org\/{rel}","templated":true}]}}