{"id":1910,"date":"2024-04-03T23:39:06","date_gmt":"2024-04-03T23:39:06","guid":{"rendered":"https:\/\/casadolivreiro.pt\/?post_type=product&#038;p=1910"},"modified":"2024-04-03T23:39:06","modified_gmt":"2024-04-03T23:39:06","slug":"le-grand-tournant-de-staline-a-khrouchtchev-giuseppe-boffa","status":"publish","type":"product","link":"https:\/\/casadolivreiro.pt\/index.php\/product\/le-grand-tournant-de-staline-a-khrouchtchev-giuseppe-boffa\/","title":{"rendered":"LE GRAND TOURNANT DE STALINE \u00c0 KHROUCHTCHEV &#8211; Giuseppe Boffa"},"content":{"rendered":"<p>LE GRAND TOURNANT DE STALINE \u00c0 KHROUCHTCHEV<br \/>\nGiuseppe Boffa<br \/>\nCahiers libres No. 9-10<br \/>\nAno de edi\u00e7\u00e3o: 1960<br \/>\nEditor: Fran\u00e7ois Maspero, Paris<br \/>\nIdioma: Franc\u00eas<br \/>\nDimens\u00f5es: 11.4 x 2.4 x 20 cm<br \/>\nEncaderna\u00e7\u00e3o: Capa mole<br \/>\nP\u00e1ginas: 233<\/p>\n","protected":false},"excerpt":{"rendered":"<p>LE GRAND TOURNANT DE STALINE \u00c0 KHROUCHTCHEV Giuseppe Boffa Cahiers libres No. 9-10 Ano de edi\u00e7\u00e3o: 1960 Editor: Fran\u00e7ois Maspero, Paris Idioma: Franc\u00eas Dimens\u00f5es: 11.4 x 2.4 x 20 cm Encaderna\u00e7\u00e3o: Capa mole P\u00e1ginas: 233<\/p>\n","protected":false},"featured_media":1911,"comment_status":"open","ping_status":"closed","template":"","meta":{"om_disable_all_campaigns":false,"_monsterinsights_skip_tracking":false,"_monsterinsights_sitenote_active":false,"_monsterinsights_sitenote_note":"","_monsterinsights_sitenote_category":0,"_uf_show_specific_survey":0,"_uf_disable_surveys":false},"product_cat":[30,56,51],"product_tag":[],"aioseo_notices":[],"jetpack_sharing_enabled":true,"_links":{"self":[{"href":"https:\/\/casadolivreiro.pt\/index.php\/wp-json\/wp\/v2\/product\/1910"}],"collection":[{"href":"https:\/\/casadolivreiro.pt\/index.php\/wp-json\/wp\/v2\/product"}],"about":[{"href":"https:\/\/casadolivreiro.pt\/index.php\/wp-json\/wp\/v2\/types\/product"}],"replies":[{"embeddable":true,"href":"https:\/\/casadolivreiro.pt\/index.php\/wp-json\/wp\/v2\/comments?post=1910"}],"wp:featuredmedia":[{"embeddable":true,"href":"https:\/\/casadolivreiro.pt\/index.php\/wp-json\/wp\/v2\/media\/1911"}],"wp:attachment":[{"href":"https:\/\/casadolivreiro.pt\/index.php\/wp-json\/wp\/v2\/media?parent=1910"}],"wp:term":[{"taxonomy":"product_cat","embeddable":true,"href":"https:\/\/casadolivreiro.pt\/index.php\/wp-json\/wp\/v2\/product_cat?post=1910"},{"taxonomy":"product_tag","embeddable":true,"href":"https:\/\/casadolivreiro.pt\/index.php\/wp-json\/wp\/v2\/product_tag?post=1910"}],"curies":[{"name":"wp","href":"https:\/\/api.w.org\/{rel}","templated":true}]}}