{"id":1906,"date":"2024-04-03T23:33:19","date_gmt":"2024-04-03T23:33:19","guid":{"rendered":"https:\/\/casadolivreiro.pt\/?post_type=product&#038;p=1906"},"modified":"2024-04-03T23:33:19","modified_gmt":"2024-04-03T23:33:19","slug":"wir-und-die-anderen-elisabeth-beck-gernsheim","status":"publish","type":"product","link":"https:\/\/casadolivreiro.pt\/index.php\/product\/wir-und-die-anderen-elisabeth-beck-gernsheim\/","title":{"rendered":"WIR UND DIE ANDEREN &#8211; Elisabeth Beck-Gernsheim"},"content":{"rendered":"<p>WIR UND DIE ANDEREN<br \/>\nElisabeth Beck-Gernsheim<br \/>\nISBN: 3-518-41607-3<br \/>\nAno de edi\u00e7\u00e3o: 2004<br \/>\nEditor: Suhrkamp Verlag, Frankfurt<br \/>\nIdioma: Alem\u00e3o<br \/>\nDimens\u00f5es: 12 x 1.4 x 20<br \/>\nEncaderna\u00e7\u00e3o: Capa mole<br \/>\nP\u00e1ginas: 233<\/p>\n","protected":false},"excerpt":{"rendered":"<p>WIR UND DIE ANDEREN Elisabeth Beck-Gernsheim ISBN: 3-518-41607-3 Ano de edi\u00e7\u00e3o: 2004 Editor: Suhrkamp Verlag, Frankfurt Idioma: Alem\u00e3o Dimens\u00f5es: 12 x 1.4 x 20 Encaderna\u00e7\u00e3o: Capa mole P\u00e1ginas: 233<\/p>\n","protected":false},"featured_media":1907,"comment_status":"open","ping_status":"closed","template":"","meta":{"om_disable_all_campaigns":false,"_monsterinsights_skip_tracking":false,"_monsterinsights_sitenote_active":false,"_monsterinsights_sitenote_note":"","_monsterinsights_sitenote_category":0,"_uf_show_specific_survey":0,"_uf_disable_surveys":false},"product_cat":[29,58,51],"product_tag":[],"aioseo_notices":[],"jetpack_sharing_enabled":true,"_links":{"self":[{"href":"https:\/\/casadolivreiro.pt\/index.php\/wp-json\/wp\/v2\/product\/1906"}],"collection":[{"href":"https:\/\/casadolivreiro.pt\/index.php\/wp-json\/wp\/v2\/product"}],"about":[{"href":"https:\/\/casadolivreiro.pt\/index.php\/wp-json\/wp\/v2\/types\/product"}],"replies":[{"embeddable":true,"href":"https:\/\/casadolivreiro.pt\/index.php\/wp-json\/wp\/v2\/comments?post=1906"}],"wp:featuredmedia":[{"embeddable":true,"href":"https:\/\/casadolivreiro.pt\/index.php\/wp-json\/wp\/v2\/media\/1907"}],"wp:attachment":[{"href":"https:\/\/casadolivreiro.pt\/index.php\/wp-json\/wp\/v2\/media?parent=1906"}],"wp:term":[{"taxonomy":"product_cat","embeddable":true,"href":"https:\/\/casadolivreiro.pt\/index.php\/wp-json\/wp\/v2\/product_cat?post=1906"},{"taxonomy":"product_tag","embeddable":true,"href":"https:\/\/casadolivreiro.pt\/index.php\/wp-json\/wp\/v2\/product_tag?post=1906"}],"curies":[{"name":"wp","href":"https:\/\/api.w.org\/{rel}","templated":true}]}}