{"id":1899,"date":"2024-04-03T23:21:10","date_gmt":"2024-04-03T23:21:10","guid":{"rendered":"https:\/\/casadolivreiro.pt\/?post_type=product&#038;p=1899"},"modified":"2024-04-03T23:21:10","modified_gmt":"2024-04-03T23:21:10","slug":"historia-dum-desconhecido-anton-tcheckoff","status":"publish","type":"product","link":"https:\/\/casadolivreiro.pt\/index.php\/product\/historia-dum-desconhecido-anton-tcheckoff\/","title":{"rendered":"HIST\u00d3RIA DUM DESCONHECIDO &#8211; Anton Tch\u00e9ckoff"},"content":{"rendered":"<p>HIST\u00d3RIA DUM DESCONHECIDO<br \/>\nAnton Tch\u00e9ckoff<br \/>\nTradu\u00e7\u00e3o de Cordeiro de Brito<br \/>\nAno de edi\u00e7\u00e3o: 1938<br \/>\nEditor: Vasco Rodrigues \u2013 Editor, Porto<br \/>\nIdioma: Portugu\u00eas<br \/>\nDimens\u00f5es: 12 x 1.8 x 19<br \/>\nEncaderna\u00e7\u00e3o: Capa mole<br \/>\nP\u00e1ginas: 218<\/p>\n","protected":false},"excerpt":{"rendered":"<p>HIST\u00d3RIA DUM DESCONHECIDO Anton Tch\u00e9ckoff Tradu\u00e7\u00e3o de Cordeiro de Brito Ano de edi\u00e7\u00e3o: 1938 Editor: Vasco Rodrigues \u2013 Editor, Porto Idioma: Portugu\u00eas Dimens\u00f5es: 12 x 1.8 x 19 Encaderna\u00e7\u00e3o: Capa mole P\u00e1ginas: 218<\/p>\n","protected":false},"featured_media":1900,"comment_status":"open","ping_status":"closed","template":"","meta":{"om_disable_all_campaigns":false,"_monsterinsights_skip_tracking":false,"_monsterinsights_sitenote_active":false,"_monsterinsights_sitenote_note":"","_monsterinsights_sitenote_category":0,"_uf_show_specific_survey":0,"_uf_disable_surveys":false},"product_cat":[26],"product_tag":[],"aioseo_notices":[],"jetpack_sharing_enabled":true,"_links":{"self":[{"href":"https:\/\/casadolivreiro.pt\/index.php\/wp-json\/wp\/v2\/product\/1899"}],"collection":[{"href":"https:\/\/casadolivreiro.pt\/index.php\/wp-json\/wp\/v2\/product"}],"about":[{"href":"https:\/\/casadolivreiro.pt\/index.php\/wp-json\/wp\/v2\/types\/product"}],"replies":[{"embeddable":true,"href":"https:\/\/casadolivreiro.pt\/index.php\/wp-json\/wp\/v2\/comments?post=1899"}],"wp:featuredmedia":[{"embeddable":true,"href":"https:\/\/casadolivreiro.pt\/index.php\/wp-json\/wp\/v2\/media\/1900"}],"wp:attachment":[{"href":"https:\/\/casadolivreiro.pt\/index.php\/wp-json\/wp\/v2\/media?parent=1899"}],"wp:term":[{"taxonomy":"product_cat","embeddable":true,"href":"https:\/\/casadolivreiro.pt\/index.php\/wp-json\/wp\/v2\/product_cat?post=1899"},{"taxonomy":"product_tag","embeddable":true,"href":"https:\/\/casadolivreiro.pt\/index.php\/wp-json\/wp\/v2\/product_tag?post=1899"}],"curies":[{"name":"wp","href":"https:\/\/api.w.org\/{rel}","templated":true}]}}