{"id":1897,"date":"2024-04-03T23:17:58","date_gmt":"2024-04-03T23:17:58","guid":{"rendered":"https:\/\/casadolivreiro.pt\/?post_type=product&#038;p=1897"},"modified":"2024-04-03T23:17:58","modified_gmt":"2024-04-03T23:17:58","slug":"por-terras-da-morte-branca-dr-l-breitfuss","status":"publish","type":"product","link":"https:\/\/casadolivreiro.pt\/index.php\/product\/por-terras-da-morte-branca-dr-l-breitfuss\/","title":{"rendered":"POR TERRAS DA MORTE BRANCA &#8211; Dr. L. Breitfuss"},"content":{"rendered":"<p>POR TERRAS DA MORTE BRANCA<br \/>\nDr. L. Breitfuss<br \/>\nTradu\u00e7\u00e3o de Frederico de Carvalho<br \/>\nAno de edi\u00e7\u00e3o: 1934 (1.a Edi\u00e7\u00e3o)<br \/>\nEditor: Livraria Cl\u00e1ssica Editora, Lisboa<br \/>\nIdioma: Portugu\u00eas<br \/>\nDimens\u00f5es: 12 x 1.3 x 19<br \/>\nEncaderna\u00e7\u00e3o: Capa mole<br \/>\nP\u00e1ginas: 268<\/p>\n","protected":false},"excerpt":{"rendered":"<p>POR TERRAS DA MORTE BRANCA Dr. L. Breitfuss Tradu\u00e7\u00e3o de Frederico de Carvalho Ano de edi\u00e7\u00e3o: 1934 (1.a Edi\u00e7\u00e3o) Editor: Livraria Cl\u00e1ssica Editora, Lisboa Idioma: Portugu\u00eas Dimens\u00f5es: 12 x 1.3 x 19 Encaderna\u00e7\u00e3o: Capa mole P\u00e1ginas: 268<\/p>\n","protected":false},"featured_media":1898,"comment_status":"open","ping_status":"closed","template":"","meta":{"om_disable_all_campaigns":false,"_monsterinsights_skip_tracking":false,"_monsterinsights_sitenote_active":false,"_monsterinsights_sitenote_note":"","_monsterinsights_sitenote_category":0,"_uf_show_specific_survey":0,"_uf_disable_surveys":false},"product_cat":[36,50,61],"product_tag":[],"aioseo_notices":[],"jetpack_sharing_enabled":true,"_links":{"self":[{"href":"https:\/\/casadolivreiro.pt\/index.php\/wp-json\/wp\/v2\/product\/1897"}],"collection":[{"href":"https:\/\/casadolivreiro.pt\/index.php\/wp-json\/wp\/v2\/product"}],"about":[{"href":"https:\/\/casadolivreiro.pt\/index.php\/wp-json\/wp\/v2\/types\/product"}],"replies":[{"embeddable":true,"href":"https:\/\/casadolivreiro.pt\/index.php\/wp-json\/wp\/v2\/comments?post=1897"}],"wp:featuredmedia":[{"embeddable":true,"href":"https:\/\/casadolivreiro.pt\/index.php\/wp-json\/wp\/v2\/media\/1898"}],"wp:attachment":[{"href":"https:\/\/casadolivreiro.pt\/index.php\/wp-json\/wp\/v2\/media?parent=1897"}],"wp:term":[{"taxonomy":"product_cat","embeddable":true,"href":"https:\/\/casadolivreiro.pt\/index.php\/wp-json\/wp\/v2\/product_cat?post=1897"},{"taxonomy":"product_tag","embeddable":true,"href":"https:\/\/casadolivreiro.pt\/index.php\/wp-json\/wp\/v2\/product_tag?post=1897"}],"curies":[{"name":"wp","href":"https:\/\/api.w.org\/{rel}","templated":true}]}}