{"id":1895,"date":"2024-04-03T23:14:07","date_gmt":"2024-04-03T23:14:07","guid":{"rendered":"https:\/\/casadolivreiro.pt\/?post_type=product&#038;p=1895"},"modified":"2024-04-03T23:14:07","modified_gmt":"2024-04-03T23:14:07","slug":"meurtres-a-la-table-de-billard-une-enquete-de-linspecteur-trubcock-glen-baxter","status":"publish","type":"product","link":"https:\/\/casadolivreiro.pt\/index.php\/product\/meurtres-a-la-table-de-billard-une-enquete-de-linspecteur-trubcock-glen-baxter\/","title":{"rendered":"MEURTRES \u00c0 LA TABLE DE BILLARD: Une enqu\u00eate de l\u2019inspecteur Trubcock &#8211; Glen Baxter"},"content":{"rendered":"<p>MEURTRES \u00c0 LA TABLE DE BILLARD: Une enqu\u00eate de l\u2019inspecteur Trubcock<br \/>\nGlen Baxter<br \/>\nPr\u00e9face de Salman Rushdie<br \/>\nISBN: 2-84230-090-4<br \/>\nAno de edi\u00e7\u00e3o: 2000<br \/>\nEditor: \u00c9ditions Ho\u00ebbeke<br \/>\nIdioma: Franc\u00eas<br \/>\nDimens\u00f5es: 16.5 x 2 x 23 cm<br \/>\nEncaderna\u00e7\u00e3o: Capa mole<br \/>\nP\u00e1ginas: 254<br \/>\nLivro autografado<\/p>\n","protected":false},"excerpt":{"rendered":"<p>MEURTRES \u00c0 LA TABLE DE BILLARD: Une enqu\u00eate de l\u2019inspecteur Trubcock Glen Baxter Pr\u00e9face de Salman Rushdie ISBN: 2-84230-090-4 Ano de edi\u00e7\u00e3o: 2000 Editor: \u00c9ditions Ho\u00ebbeke Idioma: Franc\u00eas Dimens\u00f5es: 16.5 x 2 x 23 cm Encaderna\u00e7\u00e3o: Capa mole P\u00e1ginas: 254 Livro autografado<\/p>\n","protected":false},"featured_media":1896,"comment_status":"open","ping_status":"closed","template":"","meta":{"om_disable_all_campaigns":false,"_monsterinsights_skip_tracking":false,"_monsterinsights_sitenote_active":false,"_monsterinsights_sitenote_note":"","_monsterinsights_sitenote_category":0,"_uf_show_specific_survey":0,"_uf_disable_surveys":false},"product_cat":[35],"product_tag":[],"aioseo_notices":[],"jetpack_sharing_enabled":true,"_links":{"self":[{"href":"https:\/\/casadolivreiro.pt\/index.php\/wp-json\/wp\/v2\/product\/1895"}],"collection":[{"href":"https:\/\/casadolivreiro.pt\/index.php\/wp-json\/wp\/v2\/product"}],"about":[{"href":"https:\/\/casadolivreiro.pt\/index.php\/wp-json\/wp\/v2\/types\/product"}],"replies":[{"embeddable":true,"href":"https:\/\/casadolivreiro.pt\/index.php\/wp-json\/wp\/v2\/comments?post=1895"}],"wp:featuredmedia":[{"embeddable":true,"href":"https:\/\/casadolivreiro.pt\/index.php\/wp-json\/wp\/v2\/media\/1896"}],"wp:attachment":[{"href":"https:\/\/casadolivreiro.pt\/index.php\/wp-json\/wp\/v2\/media?parent=1895"}],"wp:term":[{"taxonomy":"product_cat","embeddable":true,"href":"https:\/\/casadolivreiro.pt\/index.php\/wp-json\/wp\/v2\/product_cat?post=1895"},{"taxonomy":"product_tag","embeddable":true,"href":"https:\/\/casadolivreiro.pt\/index.php\/wp-json\/wp\/v2\/product_tag?post=1895"}],"curies":[{"name":"wp","href":"https:\/\/api.w.org\/{rel}","templated":true}]}}