{"id":1893,"date":"2024-04-03T23:10:58","date_gmt":"2024-04-03T23:10:58","guid":{"rendered":"https:\/\/casadolivreiro.pt\/?post_type=product&#038;p=1893"},"modified":"2024-04-03T23:10:58","modified_gmt":"2024-04-03T23:10:58","slug":"do-matrimonio-leon-blum","status":"publish","type":"product","link":"https:\/\/casadolivreiro.pt\/index.php\/product\/do-matrimonio-leon-blum\/","title":{"rendered":"DO MATRIM\u00d4NIO &#8211; L\u00e9on Blum"},"content":{"rendered":"<p>DO MATRIM\u00d4NIO<br \/>\nL\u00e9on Blum<br \/>\nTradu\u00e7\u00e3o de Livio de Almeida<br \/>\nAno de edi\u00e7\u00e3o: 19&#8211;?<br \/>\nEditor: Edi\u00e7\u00f5es Mundo Latino, Rio de Janeiro<br \/>\nIdioma: Portugu\u00eas<br \/>\nDimens\u00f5es: 14 x 2.9 x 21 cm<br \/>\nEncaderna\u00e7\u00e3o: Capa mole<br \/>\nP\u00e1ginas: 281<\/p>\n","protected":false},"excerpt":{"rendered":"<p>DO MATRIM\u00d4NIO L\u00e9on Blum Tradu\u00e7\u00e3o de Livio de Almeida Ano de edi\u00e7\u00e3o: 19&#8211;? Editor: Edi\u00e7\u00f5es Mundo Latino, Rio de Janeiro Idioma: Portugu\u00eas Dimens\u00f5es: 14 x 2.9 x 21 cm Encaderna\u00e7\u00e3o: Capa mole P\u00e1ginas: 281<\/p>\n","protected":false},"featured_media":1894,"comment_status":"open","ping_status":"closed","template":"","meta":{"om_disable_all_campaigns":false,"_monsterinsights_skip_tracking":false,"_monsterinsights_sitenote_active":false,"_monsterinsights_sitenote_note":"","_monsterinsights_sitenote_category":0,"_uf_show_specific_survey":0,"_uf_disable_surveys":false},"product_cat":[31,47,29,43],"product_tag":[],"aioseo_notices":[],"jetpack_sharing_enabled":true,"_links":{"self":[{"href":"https:\/\/casadolivreiro.pt\/index.php\/wp-json\/wp\/v2\/product\/1893"}],"collection":[{"href":"https:\/\/casadolivreiro.pt\/index.php\/wp-json\/wp\/v2\/product"}],"about":[{"href":"https:\/\/casadolivreiro.pt\/index.php\/wp-json\/wp\/v2\/types\/product"}],"replies":[{"embeddable":true,"href":"https:\/\/casadolivreiro.pt\/index.php\/wp-json\/wp\/v2\/comments?post=1893"}],"wp:featuredmedia":[{"embeddable":true,"href":"https:\/\/casadolivreiro.pt\/index.php\/wp-json\/wp\/v2\/media\/1894"}],"wp:attachment":[{"href":"https:\/\/casadolivreiro.pt\/index.php\/wp-json\/wp\/v2\/media?parent=1893"}],"wp:term":[{"taxonomy":"product_cat","embeddable":true,"href":"https:\/\/casadolivreiro.pt\/index.php\/wp-json\/wp\/v2\/product_cat?post=1893"},{"taxonomy":"product_tag","embeddable":true,"href":"https:\/\/casadolivreiro.pt\/index.php\/wp-json\/wp\/v2\/product_tag?post=1893"}],"curies":[{"name":"wp","href":"https:\/\/api.w.org\/{rel}","templated":true}]}}