{"id":1889,"date":"2024-04-03T23:03:16","date_gmt":"2024-04-03T23:03:16","guid":{"rendered":"https:\/\/casadolivreiro.pt\/?post_type=product&#038;p=1889"},"modified":"2024-04-03T23:03:37","modified_gmt":"2024-04-03T23:03:37","slug":"para-uma-vida-melhor-dr-haroldo-shryock","status":"publish","type":"product","link":"https:\/\/casadolivreiro.pt\/index.php\/product\/para-uma-vida-melhor-dr-haroldo-shryock\/","title":{"rendered":"PARA UMA VIDA MELHOR &#8211; Dr. Haroldo Shryock"},"content":{"rendered":"<p>PARA UMA VIDA MELHOR<br \/>\nDr. Haroldo Shryock<br \/>\nAno de edi\u00e7\u00e3o: 1968<br \/>\nEditor: Publicadora Atl\u00e2ntico, Sarl. Lisboa<br \/>\nIdioma: Portugu\u00eas<br \/>\nDimens\u00f5es: 14 x 3.8 x 21<br \/>\nEncaderna\u00e7\u00e3o: Capa mole<br \/>\nP\u00e1ginas: 369<\/p>\n<p>Obra que cont\u00e9m diversos conselhos do autor, enquanto profissional de sa\u00fade, para obter um melhor bem-estar, energia e rendimento no dia-a-dia do mundo globalizado que n\u00e3o p\u00e1ra. Feito para pessoas saud\u00e1veis que queiram melhorar o seu bem estar, funcionais, e que por vezes, na az\u00e1fama do dia, n\u00e3o t\u00eam tempo para reflectir nem de se aperceberem de tais situa\u00e7\u00f5es.<\/p>\n<p>A obra cont\u00e9m cap\u00edtulos dedicados \u00e0 melhoria da sa\u00fade, a problemas pessoais, edifica\u00e7\u00e3o da personalidade, problemas \u00edntimos e, por \u00faltimo, as chaves da vida.<\/p>\n","protected":false},"excerpt":{"rendered":"<p>PARA UMA VIDA MELHOR Dr. Haroldo Shryock Ano de edi\u00e7\u00e3o: 1968 Editor: Publicadora Atl\u00e2ntico, Sarl. Lisboa Idioma: Portugu\u00eas Dimens\u00f5es: 14 x 3.8 x 21 Encaderna\u00e7\u00e3o: Capa mole P\u00e1ginas: 369 Obra que cont\u00e9m diversos conselhos do autor, enquanto profissional de sa\u00fade, para obter um melhor bem-estar, energia e rendimento no dia-a-dia do mundo globalizado que n\u00e3o [&hellip;]<\/p>\n","protected":false},"featured_media":1890,"comment_status":"open","ping_status":"closed","template":"","meta":{"om_disable_all_campaigns":false,"_monsterinsights_skip_tracking":false,"_monsterinsights_sitenote_active":false,"_monsterinsights_sitenote_note":"","_monsterinsights_sitenote_category":0,"_uf_show_specific_survey":0,"_uf_disable_surveys":false},"product_cat":[31,43],"product_tag":[],"aioseo_notices":[],"jetpack_sharing_enabled":true,"_links":{"self":[{"href":"https:\/\/casadolivreiro.pt\/index.php\/wp-json\/wp\/v2\/product\/1889"}],"collection":[{"href":"https:\/\/casadolivreiro.pt\/index.php\/wp-json\/wp\/v2\/product"}],"about":[{"href":"https:\/\/casadolivreiro.pt\/index.php\/wp-json\/wp\/v2\/types\/product"}],"replies":[{"embeddable":true,"href":"https:\/\/casadolivreiro.pt\/index.php\/wp-json\/wp\/v2\/comments?post=1889"}],"wp:featuredmedia":[{"embeddable":true,"href":"https:\/\/casadolivreiro.pt\/index.php\/wp-json\/wp\/v2\/media\/1890"}],"wp:attachment":[{"href":"https:\/\/casadolivreiro.pt\/index.php\/wp-json\/wp\/v2\/media?parent=1889"}],"wp:term":[{"taxonomy":"product_cat","embeddable":true,"href":"https:\/\/casadolivreiro.pt\/index.php\/wp-json\/wp\/v2\/product_cat?post=1889"},{"taxonomy":"product_tag","embeddable":true,"href":"https:\/\/casadolivreiro.pt\/index.php\/wp-json\/wp\/v2\/product_tag?post=1889"}],"curies":[{"name":"wp","href":"https:\/\/api.w.org\/{rel}","templated":true}]}}