{"id":1887,"date":"2024-04-03T22:56:18","date_gmt":"2024-04-03T22:56:18","guid":{"rendered":"https:\/\/casadolivreiro.pt\/?post_type=product&#038;p=1887"},"modified":"2024-04-03T22:56:18","modified_gmt":"2024-04-03T22:56:18","slug":"livres-de-france-revue-litteraire-mensuelle-no-5-mai-1961-directeur-leonce-peillard","status":"publish","type":"product","link":"https:\/\/casadolivreiro.pt\/index.php\/product\/livres-de-france-revue-litteraire-mensuelle-no-5-mai-1961-directeur-leonce-peillard\/","title":{"rendered":"LIVRES DE FRANCE: REVUE LITT\u00c9RAIRE MENSUELLE, No.5, Mai 1961 &#8211; Directeur: Leonce Peillard"},"content":{"rendered":"<p>LIVRES DE FRANCE: REVUE LITT\u00c9RAIRE MENSUELLE, No.5, Mai 1961<br \/>\nDirecteur: Leonce Peillard<br \/>\nAno de edi\u00e7\u00e3o: 1961<br \/>\nEditor: Livres de France, Paris<br \/>\nIdioma: Franc\u00eas<br \/>\nDimens\u00f5es: 18 x 0.2 x 26.8 cm<br \/>\nEncaderna\u00e7\u00e3o: Capa mole<br \/>\nP\u00e1ginas: 40<\/p>\n","protected":false},"excerpt":{"rendered":"<p>LIVRES DE FRANCE: REVUE LITT\u00c9RAIRE MENSUELLE, No.5, Mai 1961 Directeur: Leonce Peillard Ano de edi\u00e7\u00e3o: 1961 Editor: Livres de France, Paris Idioma: Franc\u00eas Dimens\u00f5es: 18 x 0.2 x 26.8 cm Encaderna\u00e7\u00e3o: Capa mole P\u00e1ginas: 40<\/p>\n","protected":false},"featured_media":1888,"comment_status":"open","ping_status":"closed","template":"","meta":{"om_disable_all_campaigns":false,"_monsterinsights_skip_tracking":false,"_monsterinsights_sitenote_active":false,"_monsterinsights_sitenote_note":"","_monsterinsights_sitenote_category":0,"_uf_show_specific_survey":0,"_uf_disable_surveys":false},"product_cat":[56,65],"product_tag":[],"aioseo_notices":[],"jetpack_sharing_enabled":true,"_links":{"self":[{"href":"https:\/\/casadolivreiro.pt\/index.php\/wp-json\/wp\/v2\/product\/1887"}],"collection":[{"href":"https:\/\/casadolivreiro.pt\/index.php\/wp-json\/wp\/v2\/product"}],"about":[{"href":"https:\/\/casadolivreiro.pt\/index.php\/wp-json\/wp\/v2\/types\/product"}],"replies":[{"embeddable":true,"href":"https:\/\/casadolivreiro.pt\/index.php\/wp-json\/wp\/v2\/comments?post=1887"}],"wp:featuredmedia":[{"embeddable":true,"href":"https:\/\/casadolivreiro.pt\/index.php\/wp-json\/wp\/v2\/media\/1888"}],"wp:attachment":[{"href":"https:\/\/casadolivreiro.pt\/index.php\/wp-json\/wp\/v2\/media?parent=1887"}],"wp:term":[{"taxonomy":"product_cat","embeddable":true,"href":"https:\/\/casadolivreiro.pt\/index.php\/wp-json\/wp\/v2\/product_cat?post=1887"},{"taxonomy":"product_tag","embeddable":true,"href":"https:\/\/casadolivreiro.pt\/index.php\/wp-json\/wp\/v2\/product_tag?post=1887"}],"curies":[{"name":"wp","href":"https:\/\/api.w.org\/{rel}","templated":true}]}}