{"id":1881,"date":"2024-04-03T21:00:51","date_gmt":"2024-04-03T21:00:51","guid":{"rendered":"https:\/\/casadolivreiro.pt\/?post_type=product&#038;p=1881"},"modified":"2024-04-03T22:58:14","modified_gmt":"2024-04-03T22:58:14","slug":"la-petite-illustration-no-397-theatre-no-214-1e-septembre-1928-revue-hebdomadaire","status":"publish","type":"product","link":"https:\/\/casadolivreiro.pt\/index.php\/product\/la-petite-illustration-no-397-theatre-no-214-1e-septembre-1928-revue-hebdomadaire\/","title":{"rendered":"LA PETITE ILLUSTRATION No. 397 &#8211; Th\u00e9atre: No. 214,  1e Septembre 1928. Revue hebdomadaire"},"content":{"rendered":"<p>LA PETITE ILLUSTRATION No. 397 &#8211; Th\u00e9atre: No. 214,\u00a0 1e Septembre 1928.<br \/>\nRevue hebdomadaire<br \/>\nLe \u00a0Renard Bleu \u2013 com\u00e9die en trois actes, Fran\u00e7ois Herczeg<br \/>\nAno de edi\u00e7\u00e3o: 1928<br \/>\nEditor: La Petite Illustration, Paris<br \/>\nIdioma: Franc\u00eas<br \/>\nDimens\u00f5es: 20 x 0.2 x 29.7 cm<br \/>\nEncaderna\u00e7\u00e3o: Capa mole<br \/>\nP\u00e1ginas: 28<\/p>\n","protected":false},"excerpt":{"rendered":"<p>LA PETITE ILLUSTRATION No. 397 &#8211; Th\u00e9atre: No. 214,\u00a0 1e Septembre 1928. Revue hebdomadaire Le \u00a0Renard Bleu \u2013 com\u00e9die en trois actes, Fran\u00e7ois Herczeg Ano de edi\u00e7\u00e3o: 1928 Editor: La Petite Illustration, Paris Idioma: Franc\u00eas Dimens\u00f5es: 20 x 0.2 x 29.7 cm Encaderna\u00e7\u00e3o: Capa mole P\u00e1ginas: 28<\/p>\n","protected":false},"featured_media":1882,"comment_status":"open","ping_status":"closed","template":"","meta":{"om_disable_all_campaigns":false,"_monsterinsights_skip_tracking":false,"_monsterinsights_sitenote_active":false,"_monsterinsights_sitenote_note":"","_monsterinsights_sitenote_category":0,"_uf_show_specific_survey":0,"_uf_disable_surveys":false},"product_cat":[56,65],"product_tag":[],"aioseo_notices":[],"jetpack_sharing_enabled":true,"_links":{"self":[{"href":"https:\/\/casadolivreiro.pt\/index.php\/wp-json\/wp\/v2\/product\/1881"}],"collection":[{"href":"https:\/\/casadolivreiro.pt\/index.php\/wp-json\/wp\/v2\/product"}],"about":[{"href":"https:\/\/casadolivreiro.pt\/index.php\/wp-json\/wp\/v2\/types\/product"}],"replies":[{"embeddable":true,"href":"https:\/\/casadolivreiro.pt\/index.php\/wp-json\/wp\/v2\/comments?post=1881"}],"wp:featuredmedia":[{"embeddable":true,"href":"https:\/\/casadolivreiro.pt\/index.php\/wp-json\/wp\/v2\/media\/1882"}],"wp:attachment":[{"href":"https:\/\/casadolivreiro.pt\/index.php\/wp-json\/wp\/v2\/media?parent=1881"}],"wp:term":[{"taxonomy":"product_cat","embeddable":true,"href":"https:\/\/casadolivreiro.pt\/index.php\/wp-json\/wp\/v2\/product_cat?post=1881"},{"taxonomy":"product_tag","embeddable":true,"href":"https:\/\/casadolivreiro.pt\/index.php\/wp-json\/wp\/v2\/product_tag?post=1881"}],"curies":[{"name":"wp","href":"https:\/\/api.w.org\/{rel}","templated":true}]}}