{"id":1879,"date":"2024-04-03T20:56:27","date_gmt":"2024-04-03T20:56:27","guid":{"rendered":"https:\/\/casadolivreiro.pt\/?post_type=product&#038;p=1879"},"modified":"2024-04-03T22:59:00","modified_gmt":"2024-04-03T22:59:00","slug":"la-petite-illustration-no-481-theatre-no-252-31-mai-1930-revue-hebdomadaire","status":"publish","type":"product","link":"https:\/\/casadolivreiro.pt\/index.php\/product\/la-petite-illustration-no-481-theatre-no-252-31-mai-1930-revue-hebdomadaire\/","title":{"rendered":"LA PETITE ILLUSTRATION No. 481 &#8211; Th\u00e9atre: No. 252,  31 Mai 1930 Revue hebdomadaire"},"content":{"rendered":"<p>LA PETITE ILLUSTRATION No. 481 &#8211; Th\u00e9atre: No. 252,\u00a0 31 Mai 1930<br \/>\nRevue hebdomadaire<br \/>\nLa Chatelaine de Shenstone \u2013 com\u00e9die em quatre actes, Andr\u00e9 Bisson<br \/>\nAno de edi\u00e7\u00e3o: 1930<br \/>\nEditor: La Petite Illustration, Paris<br \/>\nIdioma: Franc\u00eas<br \/>\nDimens\u00f5es: 20 x 0.2 x 29.7 cm<br \/>\nEncaderna\u00e7\u00e3o: Capa mole<br \/>\nP\u00e1ginas: 32<\/p>\n","protected":false},"excerpt":{"rendered":"<p>LA PETITE ILLUSTRATION No. 481 &#8211; Th\u00e9atre: No. 252,\u00a0 31 Mai 1930 Revue hebdomadaire La Chatelaine de Shenstone \u2013 com\u00e9die em quatre actes, Andr\u00e9 Bisson Ano de edi\u00e7\u00e3o: 1930 Editor: La Petite Illustration, Paris Idioma: Franc\u00eas Dimens\u00f5es: 20 x 0.2 x 29.7 cm Encaderna\u00e7\u00e3o: Capa mole P\u00e1ginas: 32<\/p>\n","protected":false},"featured_media":1880,"comment_status":"open","ping_status":"closed","template":"","meta":{"om_disable_all_campaigns":false,"_monsterinsights_skip_tracking":false,"_monsterinsights_sitenote_active":false,"_monsterinsights_sitenote_note":"","_monsterinsights_sitenote_category":0,"_uf_show_specific_survey":0,"_uf_disable_surveys":false},"product_cat":[56,65],"product_tag":[],"aioseo_notices":[],"jetpack_sharing_enabled":true,"_links":{"self":[{"href":"https:\/\/casadolivreiro.pt\/index.php\/wp-json\/wp\/v2\/product\/1879"}],"collection":[{"href":"https:\/\/casadolivreiro.pt\/index.php\/wp-json\/wp\/v2\/product"}],"about":[{"href":"https:\/\/casadolivreiro.pt\/index.php\/wp-json\/wp\/v2\/types\/product"}],"replies":[{"embeddable":true,"href":"https:\/\/casadolivreiro.pt\/index.php\/wp-json\/wp\/v2\/comments?post=1879"}],"wp:featuredmedia":[{"embeddable":true,"href":"https:\/\/casadolivreiro.pt\/index.php\/wp-json\/wp\/v2\/media\/1880"}],"wp:attachment":[{"href":"https:\/\/casadolivreiro.pt\/index.php\/wp-json\/wp\/v2\/media?parent=1879"}],"wp:term":[{"taxonomy":"product_cat","embeddable":true,"href":"https:\/\/casadolivreiro.pt\/index.php\/wp-json\/wp\/v2\/product_cat?post=1879"},{"taxonomy":"product_tag","embeddable":true,"href":"https:\/\/casadolivreiro.pt\/index.php\/wp-json\/wp\/v2\/product_tag?post=1879"}],"curies":[{"name":"wp","href":"https:\/\/api.w.org\/{rel}","templated":true}]}}