{"id":1875,"date":"2024-04-03T20:49:12","date_gmt":"2024-04-03T20:49:12","guid":{"rendered":"https:\/\/casadolivreiro.pt\/?post_type=product&#038;p=1875"},"modified":"2024-04-03T20:49:12","modified_gmt":"2024-04-03T20:49:12","slug":"using-macintosh-basic-richard-norling","status":"publish","type":"product","link":"https:\/\/casadolivreiro.pt\/index.php\/product\/using-macintosh-basic-richard-norling\/","title":{"rendered":"USING MACINTOSH BASIC &#8211; Richard Norling"},"content":{"rendered":"<p>USING MACINTOSH BASIC<br \/>\nRichard Norling<br \/>\nISBN: 0-07-88157-0<br \/>\nAno de edi\u00e7\u00e3o: 1985<br \/>\nEditor: Osborne McGraw-Hill, US<br \/>\nIdioma: Ingl\u00eas<br \/>\nDimens\u00f5es: 16.5 x 1.8 x 23.3<br \/>\nEncaderna\u00e7\u00e3o: Capa mole<br \/>\nP\u00e1ginas: 454<\/p>\n","protected":false},"excerpt":{"rendered":"<p>USING MACINTOSH BASIC Richard Norling ISBN: 0-07-88157-0 Ano de edi\u00e7\u00e3o: 1985 Editor: Osborne McGraw-Hill, US Idioma: Ingl\u00eas Dimens\u00f5es: 16.5 x 1.8 x 23.3 Encaderna\u00e7\u00e3o: Capa mole P\u00e1ginas: 454<\/p>\n","protected":false},"featured_media":1876,"comment_status":"open","ping_status":"closed","template":"","meta":{"om_disable_all_campaigns":false,"_monsterinsights_skip_tracking":false,"_monsterinsights_sitenote_active":false,"_monsterinsights_sitenote_note":"","_monsterinsights_sitenote_category":0,"_uf_show_specific_survey":0,"_uf_disable_surveys":false},"product_cat":[47,48,59],"product_tag":[],"aioseo_notices":[],"jetpack_sharing_enabled":true,"_links":{"self":[{"href":"https:\/\/casadolivreiro.pt\/index.php\/wp-json\/wp\/v2\/product\/1875"}],"collection":[{"href":"https:\/\/casadolivreiro.pt\/index.php\/wp-json\/wp\/v2\/product"}],"about":[{"href":"https:\/\/casadolivreiro.pt\/index.php\/wp-json\/wp\/v2\/types\/product"}],"replies":[{"embeddable":true,"href":"https:\/\/casadolivreiro.pt\/index.php\/wp-json\/wp\/v2\/comments?post=1875"}],"wp:featuredmedia":[{"embeddable":true,"href":"https:\/\/casadolivreiro.pt\/index.php\/wp-json\/wp\/v2\/media\/1876"}],"wp:attachment":[{"href":"https:\/\/casadolivreiro.pt\/index.php\/wp-json\/wp\/v2\/media?parent=1875"}],"wp:term":[{"taxonomy":"product_cat","embeddable":true,"href":"https:\/\/casadolivreiro.pt\/index.php\/wp-json\/wp\/v2\/product_cat?post=1875"},{"taxonomy":"product_tag","embeddable":true,"href":"https:\/\/casadolivreiro.pt\/index.php\/wp-json\/wp\/v2\/product_tag?post=1875"}],"curies":[{"name":"wp","href":"https:\/\/api.w.org\/{rel}","templated":true}]}}