{"id":1873,"date":"2024-04-03T20:46:06","date_gmt":"2024-04-03T20:46:06","guid":{"rendered":"https:\/\/casadolivreiro.pt\/?post_type=product&#038;p=1873"},"modified":"2024-04-03T20:46:06","modified_gmt":"2024-04-03T20:46:06","slug":"dicionario-enciclopedico-de-informatica-3-volumes-ana-helena-fragomeni-prefacio-de-antonio-houaiss","status":"publish","type":"product","link":"https:\/\/casadolivreiro.pt\/index.php\/product\/dicionario-enciclopedico-de-informatica-3-volumes-ana-helena-fragomeni-prefacio-de-antonio-houaiss\/","title":{"rendered":"DICION\u00c1RIO ENCICLOP\u00c9DICO DE INFORM\u00c1TICA (3 Volumes) Ana Helena Fragomeni, Pref\u00e1cio de Ant\u00f4nio Houaiss"},"content":{"rendered":"<p>DICION\u00c1RIO ENCICLOP\u00c9DICO DE INFORM\u00c1TICA (3 Volumes)<br \/>\nAna Helena Fragomeni, Pref\u00e1cio de Ant\u00f4nio Houaiss<br \/>\nISBN: Obra completa: 85-7001-411-2<br \/>\nAno de edi\u00e7\u00e3o: 1987<br \/>\nEditor: Editora Campus Ltda. e Livraria Nobel S.A., Rio de Janeiro<br \/>\nIdioma: Portugu\u00eas<br \/>\nDimens\u00f5es: 19 x 2 x 27.5 cm (Vol.1), 19 x 1.7 x 27.5 cm (Vol.2), 19 x 2 x 27.5 cm (Vol.3)<br \/>\nEncaderna\u00e7\u00e3o: Capa dura<br \/>\nP\u00e1ginas: 727<\/p>\n","protected":false},"excerpt":{"rendered":"<p>DICION\u00c1RIO ENCICLOP\u00c9DICO DE INFORM\u00c1TICA (3 Volumes) Ana Helena Fragomeni, Pref\u00e1cio de Ant\u00f4nio Houaiss ISBN: Obra completa: 85-7001-411-2 Ano de edi\u00e7\u00e3o: 1987 Editor: Editora Campus Ltda. e Livraria Nobel S.A., Rio de Janeiro Idioma: Portugu\u00eas Dimens\u00f5es: 19 x 2 x 27.5 cm (Vol.1), 19 x 1.7 x 27.5 cm (Vol.2), 19 x 2 x 27.5 cm [&hellip;]<\/p>\n","protected":false},"featured_media":1874,"comment_status":"open","ping_status":"closed","template":"","meta":{"om_disable_all_campaigns":false,"_monsterinsights_skip_tracking":false,"_monsterinsights_sitenote_active":false,"_monsterinsights_sitenote_note":"","_monsterinsights_sitenote_category":0,"_uf_show_specific_survey":0,"_uf_disable_surveys":false},"product_cat":[46,47,48],"product_tag":[],"aioseo_notices":[],"jetpack_sharing_enabled":true,"_links":{"self":[{"href":"https:\/\/casadolivreiro.pt\/index.php\/wp-json\/wp\/v2\/product\/1873"}],"collection":[{"href":"https:\/\/casadolivreiro.pt\/index.php\/wp-json\/wp\/v2\/product"}],"about":[{"href":"https:\/\/casadolivreiro.pt\/index.php\/wp-json\/wp\/v2\/types\/product"}],"replies":[{"embeddable":true,"href":"https:\/\/casadolivreiro.pt\/index.php\/wp-json\/wp\/v2\/comments?post=1873"}],"wp:featuredmedia":[{"embeddable":true,"href":"https:\/\/casadolivreiro.pt\/index.php\/wp-json\/wp\/v2\/media\/1874"}],"wp:attachment":[{"href":"https:\/\/casadolivreiro.pt\/index.php\/wp-json\/wp\/v2\/media?parent=1873"}],"wp:term":[{"taxonomy":"product_cat","embeddable":true,"href":"https:\/\/casadolivreiro.pt\/index.php\/wp-json\/wp\/v2\/product_cat?post=1873"},{"taxonomy":"product_tag","embeddable":true,"href":"https:\/\/casadolivreiro.pt\/index.php\/wp-json\/wp\/v2\/product_tag?post=1873"}],"curies":[{"name":"wp","href":"https:\/\/api.w.org\/{rel}","templated":true}]}}