{"id":1871,"date":"2024-04-03T20:43:10","date_gmt":"2024-04-03T20:43:10","guid":{"rendered":"https:\/\/casadolivreiro.pt\/?post_type=product&#038;p=1871"},"modified":"2024-04-03T20:43:10","modified_gmt":"2024-04-03T20:43:10","slug":"dicionario-de-termos-informaticos-milenio-ingles-portugues-portugues-ingles-internet-redes-sites-2001","status":"publish","type":"product","link":"https:\/\/casadolivreiro.pt\/index.php\/product\/dicionario-de-termos-informaticos-milenio-ingles-portugues-portugues-ingles-internet-redes-sites-2001\/","title":{"rendered":"DICION\u00c1RIO DE TERMOS INFORM\u00c1TICOS: MIL\u00c9NIO Ingl\u00eas \u2013 Portugu\u00eas, Portugu\u00eas-Ingl\u00eas, Internet-Redes, Sites 2001"},"content":{"rendered":"<p>DICION\u00c1RIO DE TERMOS INFORM\u00c1TICOS: MIL\u00c9NIO<br \/>\nIngl\u00eas \u2013 Portugu\u00eas, Portugu\u00eas-Ingl\u00eas, Internet-Redes, Sites 2001<br \/>\nCoordena\u00e7\u00e3o: Manuel de Sousa<br \/>\nISBN: 972-8696-00-0<br \/>\nAno de edi\u00e7\u00e3o: 2001<br \/>\nEditor: SporPress, Mem-Martins<br \/>\nIdioma: Portugu\u00eas<br \/>\nDimens\u00f5es: 17 x 2.7 x 24 cm<br \/>\nEncaderna\u00e7\u00e3o: Capa mole<br \/>\nP\u00e1ginas: 416<\/p>\n","protected":false},"excerpt":{"rendered":"<p>DICION\u00c1RIO DE TERMOS INFORM\u00c1TICOS: MIL\u00c9NIO Ingl\u00eas \u2013 Portugu\u00eas, Portugu\u00eas-Ingl\u00eas, Internet-Redes, Sites 2001 Coordena\u00e7\u00e3o: Manuel de Sousa ISBN: 972-8696-00-0 Ano de edi\u00e7\u00e3o: 2001 Editor: SporPress, Mem-Martins Idioma: Portugu\u00eas Dimens\u00f5es: 17 x 2.7 x 24 cm Encaderna\u00e7\u00e3o: Capa mole P\u00e1ginas: 416<\/p>\n","protected":false},"featured_media":1872,"comment_status":"open","ping_status":"closed","template":"","meta":{"om_disable_all_campaigns":false,"_monsterinsights_skip_tracking":false,"_monsterinsights_sitenote_active":false,"_monsterinsights_sitenote_note":"","_monsterinsights_sitenote_category":0,"_uf_show_specific_survey":0,"_uf_disable_surveys":false},"product_cat":[46,47,48],"product_tag":[],"aioseo_notices":[],"jetpack_sharing_enabled":true,"_links":{"self":[{"href":"https:\/\/casadolivreiro.pt\/index.php\/wp-json\/wp\/v2\/product\/1871"}],"collection":[{"href":"https:\/\/casadolivreiro.pt\/index.php\/wp-json\/wp\/v2\/product"}],"about":[{"href":"https:\/\/casadolivreiro.pt\/index.php\/wp-json\/wp\/v2\/types\/product"}],"replies":[{"embeddable":true,"href":"https:\/\/casadolivreiro.pt\/index.php\/wp-json\/wp\/v2\/comments?post=1871"}],"wp:featuredmedia":[{"embeddable":true,"href":"https:\/\/casadolivreiro.pt\/index.php\/wp-json\/wp\/v2\/media\/1872"}],"wp:attachment":[{"href":"https:\/\/casadolivreiro.pt\/index.php\/wp-json\/wp\/v2\/media?parent=1871"}],"wp:term":[{"taxonomy":"product_cat","embeddable":true,"href":"https:\/\/casadolivreiro.pt\/index.php\/wp-json\/wp\/v2\/product_cat?post=1871"},{"taxonomy":"product_tag","embeddable":true,"href":"https:\/\/casadolivreiro.pt\/index.php\/wp-json\/wp\/v2\/product_tag?post=1871"}],"curies":[{"name":"wp","href":"https:\/\/api.w.org\/{rel}","templated":true}]}}