{"id":1867,"date":"2024-04-03T20:34:36","date_gmt":"2024-04-03T20:34:36","guid":{"rendered":"https:\/\/casadolivreiro.pt\/?post_type=product&#038;p=1867"},"modified":"2024-04-03T20:35:00","modified_gmt":"2024-04-03T20:35:00","slug":"manual-pratico-lidel-criacao-gestao-de-micro-empresas-pequenos-negocios-2-volumes-horacio-costa-pedro-correia-ribeiro","status":"publish","type":"product","link":"https:\/\/casadolivreiro.pt\/index.php\/product\/manual-pratico-lidel-criacao-gestao-de-micro-empresas-pequenos-negocios-2-volumes-horacio-costa-pedro-correia-ribeiro\/","title":{"rendered":"MANUAL PR\u00c1TICO LIDEL: CRIA\u00c7\u00c3O &#038; GEST\u00c3O DE MICRO-EMPRESAS &#038; PEQUENOS NEG\u00d3CIOS ( 2 Volumes) &#8211; Hor\u00e1cio Costa, Pedro Correia Ribeiro"},"content":{"rendered":"<p>MANUAL PR\u00c1TICO LIDEL: CRIA\u00c7\u00c3O &amp; GEST\u00c3O DE MICRO-EMPRESAS &amp; PEQUENOS NEG\u00d3CIOS ( 2 Volumes)<br \/>\nHor\u00e1cio Costa, Pedro Correia Ribeiro<br \/>\nISBN: 972-757-041-0<br \/>\nAno de edi\u00e7\u00e3o: 1998<br \/>\nEditor: Lidel Edi\u00e7\u00f5es T\u00e9cnicas<br \/>\nIdioma: Portugu\u00eas<br \/>\nDimens\u00f5es: 17 x 1 x 24 cm (Vol.1), 17 x 0.6 x 24 cm (Vol.2)<br \/>\nEncaderna\u00e7\u00e3o: Capa mole<br \/>\nP\u00e1ginas: 264<\/p>\n","protected":false},"excerpt":{"rendered":"<p>MANUAL PR\u00c1TICO LIDEL: CRIA\u00c7\u00c3O &amp; GEST\u00c3O DE MICRO-EMPRESAS &amp; PEQUENOS NEG\u00d3CIOS ( 2 Volumes) Hor\u00e1cio Costa, Pedro Correia Ribeiro ISBN: 972-757-041-0 Ano de edi\u00e7\u00e3o: 1998 Editor: Lidel Edi\u00e7\u00f5es T\u00e9cnicas Idioma: Portugu\u00eas Dimens\u00f5es: 17 x 1 x 24 cm (Vol.1), 17 x 0.6 x 24 cm (Vol.2) Encaderna\u00e7\u00e3o: Capa mole P\u00e1ginas: 264<\/p>\n","protected":false},"featured_media":1868,"comment_status":"open","ping_status":"closed","template":"","meta":{"om_disable_all_campaigns":false,"_monsterinsights_skip_tracking":false,"_monsterinsights_sitenote_active":false,"_monsterinsights_sitenote_note":"","_monsterinsights_sitenote_category":0,"_uf_show_specific_survey":0,"_uf_disable_surveys":false},"product_cat":[41,47],"product_tag":[],"aioseo_notices":[],"jetpack_sharing_enabled":true,"_links":{"self":[{"href":"https:\/\/casadolivreiro.pt\/index.php\/wp-json\/wp\/v2\/product\/1867"}],"collection":[{"href":"https:\/\/casadolivreiro.pt\/index.php\/wp-json\/wp\/v2\/product"}],"about":[{"href":"https:\/\/casadolivreiro.pt\/index.php\/wp-json\/wp\/v2\/types\/product"}],"replies":[{"embeddable":true,"href":"https:\/\/casadolivreiro.pt\/index.php\/wp-json\/wp\/v2\/comments?post=1867"}],"wp:featuredmedia":[{"embeddable":true,"href":"https:\/\/casadolivreiro.pt\/index.php\/wp-json\/wp\/v2\/media\/1868"}],"wp:attachment":[{"href":"https:\/\/casadolivreiro.pt\/index.php\/wp-json\/wp\/v2\/media?parent=1867"}],"wp:term":[{"taxonomy":"product_cat","embeddable":true,"href":"https:\/\/casadolivreiro.pt\/index.php\/wp-json\/wp\/v2\/product_cat?post=1867"},{"taxonomy":"product_tag","embeddable":true,"href":"https:\/\/casadolivreiro.pt\/index.php\/wp-json\/wp\/v2\/product_tag?post=1867"}],"curies":[{"name":"wp","href":"https:\/\/api.w.org\/{rel}","templated":true}]}}