{"id":1863,"date":"2024-04-03T20:26:28","date_gmt":"2024-04-03T20:26:28","guid":{"rendered":"https:\/\/casadolivreiro.pt\/?post_type=product&#038;p=1863"},"modified":"2024-04-03T20:26:29","modified_gmt":"2024-04-03T20:26:29","slug":"analise-social-revista-trimestral-vol-ii-no-7-8-2-semestre-1964","status":"publish","type":"product","link":"https:\/\/casadolivreiro.pt\/index.php\/product\/analise-social-revista-trimestral-vol-ii-no-7-8-2-semestre-1964\/","title":{"rendered":"AN\u00c1LISE SOCIAL: REVISTA TRIMESTRAL,  Vol. II, No. 7-8, 2.semestre 1964"},"content":{"rendered":"<p>AN\u00c1LISE SOCIAL: REVISTA TRIMESTRAL,\u00a0 Vol. II, No. 7-8, 2.semestre 1964<br \/>\nAspectos sociais do desenvolvimento econ\u00f3mico em Portugal \u2013 N\u00famero especial comemorativo do cinquenten\u00e1rio do I.S.C.E.F.<br \/>\nInstituto Superior de Ci\u00eancias Econ\u00f3micas e Financeiras, Gabinete de Investiga\u00e7\u00f5es\u00a0 Sociais<br \/>\nDirector: Prof. J. Pires Cardoso<br \/>\nAno de edi\u00e7\u00e3o: 1964<br \/>\nEditor: Instituto Superior de Ci\u00eancias Econ\u00f3micas e Financeiras<br \/>\nIdioma: Portugu\u00eas<br \/>\nDimens\u00f5es: 16 x 3.6 x 23 cm<br \/>\nEncaderna\u00e7\u00e3o: Capa mole<br \/>\nP\u00e1ginas: (452) 403 &#8211; 855<\/p>\n","protected":false},"excerpt":{"rendered":"<p>AN\u00c1LISE SOCIAL: REVISTA TRIMESTRAL,\u00a0 Vol. II, No. 7-8, 2.semestre 1964 Aspectos sociais do desenvolvimento econ\u00f3mico em Portugal \u2013 N\u00famero especial comemorativo do cinquenten\u00e1rio do I.S.C.E.F. Instituto Superior de Ci\u00eancias Econ\u00f3micas e Financeiras, Gabinete de Investiga\u00e7\u00f5es\u00a0 Sociais Director: Prof. J. Pires Cardoso Ano de edi\u00e7\u00e3o: 1964 Editor: Instituto Superior de Ci\u00eancias Econ\u00f3micas e Financeiras Idioma: Portugu\u00eas [&hellip;]<\/p>\n","protected":false},"featured_media":1864,"comment_status":"open","ping_status":"closed","template":"","meta":{"om_disable_all_campaigns":false,"_monsterinsights_skip_tracking":false,"_monsterinsights_sitenote_active":false,"_monsterinsights_sitenote_note":"","_monsterinsights_sitenote_category":0,"_uf_show_specific_survey":0,"_uf_disable_surveys":false},"product_cat":[32,65],"product_tag":[],"aioseo_notices":[],"jetpack_sharing_enabled":true,"_links":{"self":[{"href":"https:\/\/casadolivreiro.pt\/index.php\/wp-json\/wp\/v2\/product\/1863"}],"collection":[{"href":"https:\/\/casadolivreiro.pt\/index.php\/wp-json\/wp\/v2\/product"}],"about":[{"href":"https:\/\/casadolivreiro.pt\/index.php\/wp-json\/wp\/v2\/types\/product"}],"replies":[{"embeddable":true,"href":"https:\/\/casadolivreiro.pt\/index.php\/wp-json\/wp\/v2\/comments?post=1863"}],"wp:featuredmedia":[{"embeddable":true,"href":"https:\/\/casadolivreiro.pt\/index.php\/wp-json\/wp\/v2\/media\/1864"}],"wp:attachment":[{"href":"https:\/\/casadolivreiro.pt\/index.php\/wp-json\/wp\/v2\/media?parent=1863"}],"wp:term":[{"taxonomy":"product_cat","embeddable":true,"href":"https:\/\/casadolivreiro.pt\/index.php\/wp-json\/wp\/v2\/product_cat?post=1863"},{"taxonomy":"product_tag","embeddable":true,"href":"https:\/\/casadolivreiro.pt\/index.php\/wp-json\/wp\/v2\/product_tag?post=1863"}],"curies":[{"name":"wp","href":"https:\/\/api.w.org\/{rel}","templated":true}]}}