{"id":1859,"date":"2024-04-03T20:19:00","date_gmt":"2024-04-03T20:19:00","guid":{"rendered":"https:\/\/casadolivreiro.pt\/?post_type=product&#038;p=1859"},"modified":"2025-02-23T18:12:41","modified_gmt":"2025-02-23T18:12:41","slug":"a-paixao-pela-excelencia-tom-peters-nancy-austin","status":"publish","type":"product","link":"https:\/\/casadolivreiro.pt\/index.php\/product\/a-paixao-pela-excelencia-tom-peters-nancy-austin\/","title":{"rendered":"A PAIX\u00c3O PELA EXCEL\u00caNCIA &#8211; Tom Peters, Nancy Austin"},"content":{"rendered":"<p>A PAIX\u00c3O PELA EXCEL\u00caNCIA<br \/>\nTom Peters, Nancy Austin<br \/>\nTradu\u00e7\u00e3o de Pedro E. de Faria Esteves<br \/>\nColec\u00e7\u00e3o Perspectivas No.1<br \/>\nAno de edi\u00e7\u00e3o: 1988<br \/>\nEditor: Pensamento \u2013 Editores Livreiros, Lisboa<br \/>\nIdioma: Portugu\u00eas<br \/>\nDimens\u00f5es: 15 x 2.7 x 24 cm<br \/>\nEncaderna\u00e7\u00e3o: Capa mole<br \/>\nP\u00e1ginas: 469<\/p>\n","protected":false},"excerpt":{"rendered":"<p>A PAIX\u00c3O PELA EXCEL\u00caNCIA Tom Peters, Nancy Austin Tradu\u00e7\u00e3o de Pedro E. de Faria Esteves Colec\u00e7\u00e3o Perspectivas No.1 Ano de edi\u00e7\u00e3o: 1988 Editor: Pensamento \u2013 Editores Livreiros, Lisboa Idioma: Portugu\u00eas Dimens\u00f5es: 15 x 2.7 x 24 cm Encaderna\u00e7\u00e3o: Capa mole P\u00e1ginas: 469<\/p>\n","protected":false},"featured_media":1860,"comment_status":"open","ping_status":"closed","template":"","meta":{"om_disable_all_campaigns":false,"_monsterinsights_skip_tracking":false,"_monsterinsights_sitenote_active":false,"_monsterinsights_sitenote_note":"","_monsterinsights_sitenote_category":0,"_uf_show_specific_survey":0,"_uf_disable_surveys":false},"product_cat":[31,41],"product_tag":[],"aioseo_notices":[],"jetpack_sharing_enabled":true,"_links":{"self":[{"href":"https:\/\/casadolivreiro.pt\/index.php\/wp-json\/wp\/v2\/product\/1859"}],"collection":[{"href":"https:\/\/casadolivreiro.pt\/index.php\/wp-json\/wp\/v2\/product"}],"about":[{"href":"https:\/\/casadolivreiro.pt\/index.php\/wp-json\/wp\/v2\/types\/product"}],"replies":[{"embeddable":true,"href":"https:\/\/casadolivreiro.pt\/index.php\/wp-json\/wp\/v2\/comments?post=1859"}],"wp:featuredmedia":[{"embeddable":true,"href":"https:\/\/casadolivreiro.pt\/index.php\/wp-json\/wp\/v2\/media\/1860"}],"wp:attachment":[{"href":"https:\/\/casadolivreiro.pt\/index.php\/wp-json\/wp\/v2\/media?parent=1859"}],"wp:term":[{"taxonomy":"product_cat","embeddable":true,"href":"https:\/\/casadolivreiro.pt\/index.php\/wp-json\/wp\/v2\/product_cat?post=1859"},{"taxonomy":"product_tag","embeddable":true,"href":"https:\/\/casadolivreiro.pt\/index.php\/wp-json\/wp\/v2\/product_tag?post=1859"}],"curies":[{"name":"wp","href":"https:\/\/api.w.org\/{rel}","templated":true}]}}