{"id":1853,"date":"2024-04-03T20:08:45","date_gmt":"2024-04-03T20:08:45","guid":{"rendered":"https:\/\/casadolivreiro.pt\/?post_type=product&#038;p=1853"},"modified":"2024-04-03T20:08:45","modified_gmt":"2024-04-03T20:08:45","slug":"eu-nao-sou-uma-lenda-jacques-bergier","status":"publish","type":"product","link":"https:\/\/casadolivreiro.pt\/index.php\/product\/eu-nao-sou-uma-lenda-jacques-bergier\/","title":{"rendered":"EU N\u00c3O SOU UMA LENDA &#8211; Jacques Bergier"},"content":{"rendered":"<p>EU N\u00c3O SOU UMA LENDA<br \/>\nJacques Bergier<br \/>\nTradu\u00e7\u00e3o de M. Ligia Guterres<br \/>\nColec\u00e7\u00e3o Grandes Destinos<br \/>\nAno de edi\u00e7\u00e3o: 1978<br \/>\nEditor: Nostradamus,Lisboa<br \/>\nIdioma: Portugu\u00eas<br \/>\nDimens\u00f5es: 16 x 1.3 x 23 cm<br \/>\nEncaderna\u00e7\u00e3o: Capa mole<br \/>\nP\u00e1ginas: 194<\/p>\n","protected":false},"excerpt":{"rendered":"<p>EU N\u00c3O SOU UMA LENDA Jacques Bergier Tradu\u00e7\u00e3o de M. Ligia Guterres Colec\u00e7\u00e3o Grandes Destinos Ano de edi\u00e7\u00e3o: 1978 Editor: Nostradamus,Lisboa Idioma: Portugu\u00eas Dimens\u00f5es: 16 x 1.3 x 23 cm Encaderna\u00e7\u00e3o: Capa mole P\u00e1ginas: 194<\/p>\n","protected":false},"featured_media":1854,"comment_status":"open","ping_status":"closed","template":"","meta":{"om_disable_all_campaigns":false,"_monsterinsights_skip_tracking":false,"_monsterinsights_sitenote_active":false,"_monsterinsights_sitenote_note":"","_monsterinsights_sitenote_category":0,"_uf_show_specific_survey":0,"_uf_disable_surveys":false},"product_cat":[28,36],"product_tag":[],"aioseo_notices":[],"jetpack_sharing_enabled":true,"_links":{"self":[{"href":"https:\/\/casadolivreiro.pt\/index.php\/wp-json\/wp\/v2\/product\/1853"}],"collection":[{"href":"https:\/\/casadolivreiro.pt\/index.php\/wp-json\/wp\/v2\/product"}],"about":[{"href":"https:\/\/casadolivreiro.pt\/index.php\/wp-json\/wp\/v2\/types\/product"}],"replies":[{"embeddable":true,"href":"https:\/\/casadolivreiro.pt\/index.php\/wp-json\/wp\/v2\/comments?post=1853"}],"wp:featuredmedia":[{"embeddable":true,"href":"https:\/\/casadolivreiro.pt\/index.php\/wp-json\/wp\/v2\/media\/1854"}],"wp:attachment":[{"href":"https:\/\/casadolivreiro.pt\/index.php\/wp-json\/wp\/v2\/media?parent=1853"}],"wp:term":[{"taxonomy":"product_cat","embeddable":true,"href":"https:\/\/casadolivreiro.pt\/index.php\/wp-json\/wp\/v2\/product_cat?post=1853"},{"taxonomy":"product_tag","embeddable":true,"href":"https:\/\/casadolivreiro.pt\/index.php\/wp-json\/wp\/v2\/product_tag?post=1853"}],"curies":[{"name":"wp","href":"https:\/\/api.w.org\/{rel}","templated":true}]}}