{"id":1851,"date":"2024-04-03T20:04:38","date_gmt":"2024-04-03T20:04:38","guid":{"rendered":"https:\/\/casadolivreiro.pt\/?post_type=product&#038;p=1851"},"modified":"2024-04-03T20:04:38","modified_gmt":"2024-04-03T20:04:38","slug":"ku-klux-klan-um-seculo-de-infamia-william-peirce-randel","status":"publish","type":"product","link":"https:\/\/casadolivreiro.pt\/index.php\/product\/ku-klux-klan-um-seculo-de-infamia-william-peirce-randel\/","title":{"rendered":"KU KLUX KLAN: Um s\u00e9culo de Inf\u00e2mia &#8211; William Peirce Randel"},"content":{"rendered":"<p>KU KLUX KLAN: Um s\u00e9culo de Inf\u00e2mia<br \/>\nWilliam Peirce Randel<br \/>\nTradu\u00e7\u00e3o de Daniel Gon\u00e7alves<br \/>\nColec\u00e7\u00e3o Documentos Humanos No. 15<br \/>\nAno de edi\u00e7\u00e3o: 1966<br \/>\nEditor: Portugalia Editora, Lisboa<br \/>\nIdioma: Portugu\u00eas<br \/>\nDimens\u00f5es: 15 x 3 x 21.8 cm<br \/>\nEncaderna\u00e7\u00e3o: Capa mole<br \/>\nP\u00e1ginas: 393<\/p>\n","protected":false},"excerpt":{"rendered":"<p>KU KLUX KLAN: Um s\u00e9culo de Inf\u00e2mia William Peirce Randel Tradu\u00e7\u00e3o de Daniel Gon\u00e7alves Colec\u00e7\u00e3o Documentos Humanos No. 15 Ano de edi\u00e7\u00e3o: 1966 Editor: Portugalia Editora, Lisboa Idioma: Portugu\u00eas Dimens\u00f5es: 15 x 3 x 21.8 cm Encaderna\u00e7\u00e3o: Capa mole P\u00e1ginas: 393<\/p>\n","protected":false},"featured_media":1852,"comment_status":"open","ping_status":"closed","template":"","meta":{"om_disable_all_campaigns":false,"_monsterinsights_skip_tracking":false,"_monsterinsights_sitenote_active":false,"_monsterinsights_sitenote_note":"","_monsterinsights_sitenote_category":0,"_uf_show_specific_survey":0,"_uf_disable_surveys":false},"product_cat":[31,30,51],"product_tag":[],"aioseo_notices":[],"jetpack_sharing_enabled":true,"_links":{"self":[{"href":"https:\/\/casadolivreiro.pt\/index.php\/wp-json\/wp\/v2\/product\/1851"}],"collection":[{"href":"https:\/\/casadolivreiro.pt\/index.php\/wp-json\/wp\/v2\/product"}],"about":[{"href":"https:\/\/casadolivreiro.pt\/index.php\/wp-json\/wp\/v2\/types\/product"}],"replies":[{"embeddable":true,"href":"https:\/\/casadolivreiro.pt\/index.php\/wp-json\/wp\/v2\/comments?post=1851"}],"wp:featuredmedia":[{"embeddable":true,"href":"https:\/\/casadolivreiro.pt\/index.php\/wp-json\/wp\/v2\/media\/1852"}],"wp:attachment":[{"href":"https:\/\/casadolivreiro.pt\/index.php\/wp-json\/wp\/v2\/media?parent=1851"}],"wp:term":[{"taxonomy":"product_cat","embeddable":true,"href":"https:\/\/casadolivreiro.pt\/index.php\/wp-json\/wp\/v2\/product_cat?post=1851"},{"taxonomy":"product_tag","embeddable":true,"href":"https:\/\/casadolivreiro.pt\/index.php\/wp-json\/wp\/v2\/product_tag?post=1851"}],"curies":[{"name":"wp","href":"https:\/\/api.w.org\/{rel}","templated":true}]}}