{"id":1845,"date":"2024-04-02T21:08:28","date_gmt":"2024-04-02T21:08:28","guid":{"rendered":"https:\/\/casadolivreiro.pt\/?post_type=product&#038;p=1845"},"modified":"2024-04-02T21:08:29","modified_gmt":"2024-04-02T21:08:29","slug":"appel-des-sexes-marthe-richard","status":"publish","type":"product","link":"https:\/\/casadolivreiro.pt\/index.php\/product\/appel-des-sexes-marthe-richard\/","title":{"rendered":"APPEL DES SEXES &#8211; Marthe Richard"},"content":{"rendered":"<p>APPEL DES SEXES<br \/>\nMarthe Richard<br \/>\nAno de edi\u00e7\u00e3o: 1951<br \/>\nEditor: Les Editions du Scorpion, Paris.<br \/>\nIdioma: Franc\u00eas<br \/>\nDimens\u00f5es: 14.2 x 1.9 x 19.3 cm<br \/>\nEncaderna\u00e7\u00e3o: Capa mole<br \/>\nP\u00e1ginas: 288<\/p>\n","protected":false},"excerpt":{"rendered":"<p>APPEL DES SEXES Marthe Richard Ano de edi\u00e7\u00e3o: 1951 Editor: Les Editions du Scorpion, Paris. Idioma: Franc\u00eas Dimens\u00f5es: 14.2 x 1.9 x 19.3 cm Encaderna\u00e7\u00e3o: Capa mole P\u00e1ginas: 288<\/p>\n","protected":false},"featured_media":1846,"comment_status":"open","ping_status":"closed","template":"","meta":{"om_disable_all_campaigns":false,"_monsterinsights_skip_tracking":false,"_monsterinsights_sitenote_active":false,"_monsterinsights_sitenote_note":"","_monsterinsights_sitenote_category":0,"_uf_show_specific_survey":0,"_uf_disable_surveys":false},"product_cat":[31,56,67],"product_tag":[],"aioseo_notices":[],"jetpack_sharing_enabled":true,"_links":{"self":[{"href":"https:\/\/casadolivreiro.pt\/index.php\/wp-json\/wp\/v2\/product\/1845"}],"collection":[{"href":"https:\/\/casadolivreiro.pt\/index.php\/wp-json\/wp\/v2\/product"}],"about":[{"href":"https:\/\/casadolivreiro.pt\/index.php\/wp-json\/wp\/v2\/types\/product"}],"replies":[{"embeddable":true,"href":"https:\/\/casadolivreiro.pt\/index.php\/wp-json\/wp\/v2\/comments?post=1845"}],"wp:featuredmedia":[{"embeddable":true,"href":"https:\/\/casadolivreiro.pt\/index.php\/wp-json\/wp\/v2\/media\/1846"}],"wp:attachment":[{"href":"https:\/\/casadolivreiro.pt\/index.php\/wp-json\/wp\/v2\/media?parent=1845"}],"wp:term":[{"taxonomy":"product_cat","embeddable":true,"href":"https:\/\/casadolivreiro.pt\/index.php\/wp-json\/wp\/v2\/product_cat?post=1845"},{"taxonomy":"product_tag","embeddable":true,"href":"https:\/\/casadolivreiro.pt\/index.php\/wp-json\/wp\/v2\/product_tag?post=1845"}],"curies":[{"name":"wp","href":"https:\/\/api.w.org\/{rel}","templated":true}]}}