{"id":1843,"date":"2024-04-02T20:25:42","date_gmt":"2024-04-02T20:25:42","guid":{"rendered":"https:\/\/casadolivreiro.pt\/?post_type=product&#038;p=1843"},"modified":"2024-04-02T20:27:26","modified_gmt":"2024-04-02T20:27:26","slug":"o-desertor-lajus-zilahy","status":"publish","type":"product","link":"https:\/\/casadolivreiro.pt\/index.php\/product\/o-desertor-lajus-zilahy\/","title":{"rendered":"O DESERTOR &#8211; Lajus Zilahy"},"content":{"rendered":"<p>O DESERTOR<br \/>\nLajus Zilahy<br \/>\nTradu\u00e7\u00e3o de Manuel Neves<br \/>\nColec\u00e7\u00e3o As Maiores Obras do Nosso Tempo<br \/>\nAno de edi\u00e7\u00e3o:<br \/>\nEditor: Editorial Seculo, Lisboa<br \/>\nIdioma: Portugu\u00eas<br \/>\nDimens\u00f5es: 12.5 x 2.8 x 19 cm<br \/>\nEncaderna\u00e7\u00e3o: Capa mole<br \/>\nP\u00e1ginas: 363<\/p>\n","protected":false},"excerpt":{"rendered":"<p>O DESERTOR Lajus Zilahy Tradu\u00e7\u00e3o de Manuel Neves Colec\u00e7\u00e3o As Maiores Obras do Nosso Tempo Ano de edi\u00e7\u00e3o: Editor: Editorial Seculo, Lisboa Idioma: Portugu\u00eas Dimens\u00f5es: 12.5 x 2.8 x 19 cm Encaderna\u00e7\u00e3o: Capa mole P\u00e1ginas: 363<\/p>\n","protected":false},"featured_media":1844,"comment_status":"open","ping_status":"closed","template":"","meta":{"om_disable_all_campaigns":false,"_monsterinsights_skip_tracking":false,"_monsterinsights_sitenote_active":false,"_monsterinsights_sitenote_note":"","_monsterinsights_sitenote_category":0,"_uf_show_specific_survey":0,"_uf_disable_surveys":false},"product_cat":[26],"product_tag":[],"aioseo_notices":[],"jetpack_sharing_enabled":true,"_links":{"self":[{"href":"https:\/\/casadolivreiro.pt\/index.php\/wp-json\/wp\/v2\/product\/1843"}],"collection":[{"href":"https:\/\/casadolivreiro.pt\/index.php\/wp-json\/wp\/v2\/product"}],"about":[{"href":"https:\/\/casadolivreiro.pt\/index.php\/wp-json\/wp\/v2\/types\/product"}],"replies":[{"embeddable":true,"href":"https:\/\/casadolivreiro.pt\/index.php\/wp-json\/wp\/v2\/comments?post=1843"}],"wp:featuredmedia":[{"embeddable":true,"href":"https:\/\/casadolivreiro.pt\/index.php\/wp-json\/wp\/v2\/media\/1844"}],"wp:attachment":[{"href":"https:\/\/casadolivreiro.pt\/index.php\/wp-json\/wp\/v2\/media?parent=1843"}],"wp:term":[{"taxonomy":"product_cat","embeddable":true,"href":"https:\/\/casadolivreiro.pt\/index.php\/wp-json\/wp\/v2\/product_cat?post=1843"},{"taxonomy":"product_tag","embeddable":true,"href":"https:\/\/casadolivreiro.pt\/index.php\/wp-json\/wp\/v2\/product_tag?post=1843"}],"curies":[{"name":"wp","href":"https:\/\/api.w.org\/{rel}","templated":true}]}}