{"id":1837,"date":"2024-04-02T20:16:29","date_gmt":"2024-04-02T20:16:29","guid":{"rendered":"https:\/\/casadolivreiro.pt\/?post_type=product&#038;p=1837"},"modified":"2024-04-02T20:16:29","modified_gmt":"2024-04-02T20:16:29","slug":"o-segredo-do-major-thompson-pierre-daninos","status":"publish","type":"product","link":"https:\/\/casadolivreiro.pt\/index.php\/product\/o-segredo-do-major-thompson-pierre-daninos\/","title":{"rendered":"O SEGREDO DO MAJOR THOMPSON &#8211; Pierre Daninos"},"content":{"rendered":"<p>O SEGREDO DO MAJOR THOMPSON<br \/>\nPierre Daninos<br \/>\nTradu\u00e7\u00e3o de Rocha J\u00fanior<br \/>\nAno de edi\u00e7\u00e3o:\u00a0 195-?<br \/>\nEditor: Livraria\u00a0 Cl\u00e1ssica Editora, Lisboa<br \/>\nIdioma: Portugu\u00eas<br \/>\nDimens\u00f5es: 12.4 x 2 x 19 cm<br \/>\nEncaderna\u00e7\u00e3o: Capa mole<br \/>\nP\u00e1ginas: 299<\/p>\n","protected":false},"excerpt":{"rendered":"<p>O SEGREDO DO MAJOR THOMPSON Pierre Daninos Tradu\u00e7\u00e3o de Rocha J\u00fanior Ano de edi\u00e7\u00e3o:\u00a0 195-? Editor: Livraria\u00a0 Cl\u00e1ssica Editora, Lisboa Idioma: Portugu\u00eas Dimens\u00f5es: 12.4 x 2 x 19 cm Encaderna\u00e7\u00e3o: Capa mole P\u00e1ginas: 299<\/p>\n","protected":false},"featured_media":1838,"comment_status":"open","ping_status":"closed","template":"","meta":{"om_disable_all_campaigns":false,"_monsterinsights_skip_tracking":false,"_monsterinsights_sitenote_active":false,"_monsterinsights_sitenote_note":"","_monsterinsights_sitenote_category":0,"_uf_show_specific_survey":0,"_uf_disable_surveys":false},"product_cat":[26],"product_tag":[],"aioseo_notices":[],"jetpack_sharing_enabled":true,"_links":{"self":[{"href":"https:\/\/casadolivreiro.pt\/index.php\/wp-json\/wp\/v2\/product\/1837"}],"collection":[{"href":"https:\/\/casadolivreiro.pt\/index.php\/wp-json\/wp\/v2\/product"}],"about":[{"href":"https:\/\/casadolivreiro.pt\/index.php\/wp-json\/wp\/v2\/types\/product"}],"replies":[{"embeddable":true,"href":"https:\/\/casadolivreiro.pt\/index.php\/wp-json\/wp\/v2\/comments?post=1837"}],"wp:featuredmedia":[{"embeddable":true,"href":"https:\/\/casadolivreiro.pt\/index.php\/wp-json\/wp\/v2\/media\/1838"}],"wp:attachment":[{"href":"https:\/\/casadolivreiro.pt\/index.php\/wp-json\/wp\/v2\/media?parent=1837"}],"wp:term":[{"taxonomy":"product_cat","embeddable":true,"href":"https:\/\/casadolivreiro.pt\/index.php\/wp-json\/wp\/v2\/product_cat?post=1837"},{"taxonomy":"product_tag","embeddable":true,"href":"https:\/\/casadolivreiro.pt\/index.php\/wp-json\/wp\/v2\/product_tag?post=1837"}],"curies":[{"name":"wp","href":"https:\/\/api.w.org\/{rel}","templated":true}]}}