{"id":1833,"date":"2024-04-02T20:09:44","date_gmt":"2024-04-02T20:09:44","guid":{"rendered":"https:\/\/casadolivreiro.pt\/?post_type=product&#038;p=1833"},"modified":"2024-04-02T20:09:44","modified_gmt":"2024-04-02T20:09:44","slug":"a-senda-dos-elefantes-robert-standish","status":"publish","type":"product","link":"https:\/\/casadolivreiro.pt\/index.php\/product\/a-senda-dos-elefantes-robert-standish\/","title":{"rendered":"A SENDA DOS ELEFANTES &#8211; Robert Standish"},"content":{"rendered":"<p>A SENDA DOS ELEFANTES<br \/>\nRobert Standish<br \/>\nTradu\u00e7\u00e3o de Eduardo Sal\u00f3<br \/>\nAno de edi\u00e7\u00e3o:<br \/>\nEditor: Editorial Minerva, Lisboa<br \/>\nIdioma: Portugu\u00eas<br \/>\nDimens\u00f5es: 12.7 x 2 x 18.7 cm<br \/>\nEncaderna\u00e7\u00e3o: Capa mole<br \/>\nP\u00e1ginas: 293<\/p>\n","protected":false},"excerpt":{"rendered":"<p>A SENDA DOS ELEFANTES Robert Standish Tradu\u00e7\u00e3o de Eduardo Sal\u00f3 Ano de edi\u00e7\u00e3o: Editor: Editorial Minerva, Lisboa Idioma: Portugu\u00eas Dimens\u00f5es: 12.7 x 2 x 18.7 cm Encaderna\u00e7\u00e3o: Capa mole P\u00e1ginas: 293<\/p>\n","protected":false},"featured_media":1834,"comment_status":"open","ping_status":"closed","template":"","meta":{"om_disable_all_campaigns":false,"_monsterinsights_skip_tracking":false,"_monsterinsights_sitenote_active":false,"_monsterinsights_sitenote_note":"","_monsterinsights_sitenote_category":0,"_uf_show_specific_survey":0,"_uf_disable_surveys":false},"product_cat":[26],"product_tag":[],"aioseo_notices":[],"jetpack_sharing_enabled":true,"_links":{"self":[{"href":"https:\/\/casadolivreiro.pt\/index.php\/wp-json\/wp\/v2\/product\/1833"}],"collection":[{"href":"https:\/\/casadolivreiro.pt\/index.php\/wp-json\/wp\/v2\/product"}],"about":[{"href":"https:\/\/casadolivreiro.pt\/index.php\/wp-json\/wp\/v2\/types\/product"}],"replies":[{"embeddable":true,"href":"https:\/\/casadolivreiro.pt\/index.php\/wp-json\/wp\/v2\/comments?post=1833"}],"wp:featuredmedia":[{"embeddable":true,"href":"https:\/\/casadolivreiro.pt\/index.php\/wp-json\/wp\/v2\/media\/1834"}],"wp:attachment":[{"href":"https:\/\/casadolivreiro.pt\/index.php\/wp-json\/wp\/v2\/media?parent=1833"}],"wp:term":[{"taxonomy":"product_cat","embeddable":true,"href":"https:\/\/casadolivreiro.pt\/index.php\/wp-json\/wp\/v2\/product_cat?post=1833"},{"taxonomy":"product_tag","embeddable":true,"href":"https:\/\/casadolivreiro.pt\/index.php\/wp-json\/wp\/v2\/product_tag?post=1833"}],"curies":[{"name":"wp","href":"https:\/\/api.w.org\/{rel}","templated":true}]}}