{"id":1829,"date":"2024-04-02T20:05:26","date_gmt":"2024-04-02T20:05:26","guid":{"rendered":"https:\/\/casadolivreiro.pt\/?post_type=product&#038;p=1829"},"modified":"2024-04-02T20:05:26","modified_gmt":"2024-04-02T20:05:26","slug":"o-primero-circulo-alexander-solzhenitsin","status":"publish","type":"product","link":"https:\/\/casadolivreiro.pt\/index.php\/product\/o-primero-circulo-alexander-solzhenitsin\/","title":{"rendered":"O PRIMERO CIRCULO &#8211; Alexander Solzhenitsin"},"content":{"rendered":"<p>O PRIMERO CIRCULO<br \/>\nAlexander Solzhenitsin<br \/>\nTradu\u00e7\u00e3o de Maria Teresa Ramos<br \/>\nAno de edi\u00e7\u00e3o:\u00a0 1969 (1.a edi\u00e7\u00e3o)<br \/>\nEditor: Editorial Ibis, Venda Nova<br \/>\nIdioma: Portugu\u00eas<br \/>\nDimens\u00f5es: 14 x 4 x 20.5 cm<br \/>\nEncaderna\u00e7\u00e3o: Capa dura<br \/>\nP\u00e1ginas: 685<\/p>\n","protected":false},"excerpt":{"rendered":"<p>O PRIMERO CIRCULO Alexander Solzhenitsin Tradu\u00e7\u00e3o de Maria Teresa Ramos Ano de edi\u00e7\u00e3o:\u00a0 1969 (1.a edi\u00e7\u00e3o) Editor: Editorial Ibis, Venda Nova Idioma: Portugu\u00eas Dimens\u00f5es: 14 x 4 x 20.5 cm Encaderna\u00e7\u00e3o: Capa dura P\u00e1ginas: 685<\/p>\n","protected":false},"featured_media":1830,"comment_status":"open","ping_status":"closed","template":"","meta":{"om_disable_all_campaigns":false,"_monsterinsights_skip_tracking":false,"_monsterinsights_sitenote_active":false,"_monsterinsights_sitenote_note":"","_monsterinsights_sitenote_category":0,"_uf_show_specific_survey":0,"_uf_disable_surveys":false},"product_cat":[26],"product_tag":[],"aioseo_notices":[],"jetpack_sharing_enabled":true,"_links":{"self":[{"href":"https:\/\/casadolivreiro.pt\/index.php\/wp-json\/wp\/v2\/product\/1829"}],"collection":[{"href":"https:\/\/casadolivreiro.pt\/index.php\/wp-json\/wp\/v2\/product"}],"about":[{"href":"https:\/\/casadolivreiro.pt\/index.php\/wp-json\/wp\/v2\/types\/product"}],"replies":[{"embeddable":true,"href":"https:\/\/casadolivreiro.pt\/index.php\/wp-json\/wp\/v2\/comments?post=1829"}],"wp:featuredmedia":[{"embeddable":true,"href":"https:\/\/casadolivreiro.pt\/index.php\/wp-json\/wp\/v2\/media\/1830"}],"wp:attachment":[{"href":"https:\/\/casadolivreiro.pt\/index.php\/wp-json\/wp\/v2\/media?parent=1829"}],"wp:term":[{"taxonomy":"product_cat","embeddable":true,"href":"https:\/\/casadolivreiro.pt\/index.php\/wp-json\/wp\/v2\/product_cat?post=1829"},{"taxonomy":"product_tag","embeddable":true,"href":"https:\/\/casadolivreiro.pt\/index.php\/wp-json\/wp\/v2\/product_tag?post=1829"}],"curies":[{"name":"wp","href":"https:\/\/api.w.org\/{rel}","templated":true}]}}