{"id":1827,"date":"2024-04-02T20:00:34","date_gmt":"2024-04-02T20:00:34","guid":{"rendered":"https:\/\/casadolivreiro.pt\/?post_type=product&#038;p=1827"},"modified":"2024-04-02T20:00:35","modified_gmt":"2024-04-02T20:00:35","slug":"o-crime-de-orcival-emile-gaboriau","status":"publish","type":"product","link":"https:\/\/casadolivreiro.pt\/index.php\/product\/o-crime-de-orcival-emile-gaboriau\/","title":{"rendered":"O CRIME DE ORCIVAL &#8211; Emile Gaboriau"},"content":{"rendered":"<p>O CRIME DE ORCIVAL<br \/>\nEmile Gaboriau<br \/>\nTradu\u00e7\u00e3o de Gomes Monteiro<br \/>\nColec\u00e7\u00e3o \u2018\u2019Obras Primas do Romance Policial e de Aventuras\u2019\u2019 No.1<br \/>\nAno de edi\u00e7\u00e3o:\u00a0 19?<br \/>\nEditor: Edi\u00e7\u00f5es Excelsior, Lisboa<br \/>\nIdioma: Portugu\u00eas<br \/>\nDimens\u00f5es: 12.7 x 3 x 19.5 cm<br \/>\nEncaderna\u00e7\u00e3o: Capa mole<br \/>\nP\u00e1ginas: 395<\/p>\n","protected":false},"excerpt":{"rendered":"<p>O CRIME DE ORCIVAL Emile Gaboriau Tradu\u00e7\u00e3o de Gomes Monteiro Colec\u00e7\u00e3o \u2018\u2019Obras Primas do Romance Policial e de Aventuras\u2019\u2019 No.1 Ano de edi\u00e7\u00e3o:\u00a0 19? Editor: Edi\u00e7\u00f5es Excelsior, Lisboa Idioma: Portugu\u00eas Dimens\u00f5es: 12.7 x 3 x 19.5 cm Encaderna\u00e7\u00e3o: Capa mole P\u00e1ginas: 395<\/p>\n","protected":false},"featured_media":1828,"comment_status":"open","ping_status":"closed","template":"","meta":{"om_disable_all_campaigns":false,"_monsterinsights_skip_tracking":false,"_monsterinsights_sitenote_active":false,"_monsterinsights_sitenote_note":"","_monsterinsights_sitenote_category":0,"_uf_show_specific_survey":0,"_uf_disable_surveys":false},"product_cat":[44],"product_tag":[],"aioseo_notices":[],"jetpack_sharing_enabled":true,"_links":{"self":[{"href":"https:\/\/casadolivreiro.pt\/index.php\/wp-json\/wp\/v2\/product\/1827"}],"collection":[{"href":"https:\/\/casadolivreiro.pt\/index.php\/wp-json\/wp\/v2\/product"}],"about":[{"href":"https:\/\/casadolivreiro.pt\/index.php\/wp-json\/wp\/v2\/types\/product"}],"replies":[{"embeddable":true,"href":"https:\/\/casadolivreiro.pt\/index.php\/wp-json\/wp\/v2\/comments?post=1827"}],"wp:featuredmedia":[{"embeddable":true,"href":"https:\/\/casadolivreiro.pt\/index.php\/wp-json\/wp\/v2\/media\/1828"}],"wp:attachment":[{"href":"https:\/\/casadolivreiro.pt\/index.php\/wp-json\/wp\/v2\/media?parent=1827"}],"wp:term":[{"taxonomy":"product_cat","embeddable":true,"href":"https:\/\/casadolivreiro.pt\/index.php\/wp-json\/wp\/v2\/product_cat?post=1827"},{"taxonomy":"product_tag","embeddable":true,"href":"https:\/\/casadolivreiro.pt\/index.php\/wp-json\/wp\/v2\/product_tag?post=1827"}],"curies":[{"name":"wp","href":"https:\/\/api.w.org\/{rel}","templated":true}]}}