{"id":1822,"date":"2024-04-02T19:53:32","date_gmt":"2024-04-02T19:53:32","guid":{"rendered":"https:\/\/casadolivreiro.pt\/?post_type=product&#038;p=1822"},"modified":"2024-04-02T19:53:32","modified_gmt":"2024-04-02T19:53:32","slug":"rumo-a-dignidade-galvao-de-melo","status":"publish","type":"product","link":"https:\/\/casadolivreiro.pt\/index.php\/product\/rumo-a-dignidade-galvao-de-melo\/","title":{"rendered":"RUMO \u00c0 DIGNIDADE &#8211; Galv\u00e3o de Melo"},"content":{"rendered":"<p>RUMO \u00c0 DIGNIDADE<br \/>\nGalv\u00e3o de Melo<br \/>\nAno de edi\u00e7\u00e3o:\u00a0 1975<br \/>\nEditor: Edi\u00e7\u00e3o do Autor<br \/>\nIdioma: Portugu\u00eas<br \/>\nDimens\u00f5es: 13.3 x 0.8 x 18.5 cm<br \/>\nEncaderna\u00e7\u00e3o: Capa mole<br \/>\nP\u00e1ginas: 152<\/p>\n<p>\u201cRumo \u00e0 Dignidade n\u00e3o \u00e9 um plano econ\u00f3mico, aritm\u00e9tico, o qual na opini\u00e3o do autor, h\u00e1-de caber \u00e0queles que oportunamente forem investidos de compet\u00eancia para governar o Pa\u00eds. O que a\u00ed vai escrito s\u00e3o verdades, s\u00e3o conceitos, atitudes e decis\u00f5es para os portugueses meditarem e, sobre tudo, activamente definirem o seu comportamento porque, n\u00e3o o fazendo \u2014 hoje \u2014 correm grave risco de terem que optar por morrer com Portugal ou aceitar a condi\u00e7\u00e3o de escravos trabalhando a terra onde nasceram.\u201d<\/p>\n","protected":false},"excerpt":{"rendered":"<p>RUMO \u00c0 DIGNIDADE Galv\u00e3o de Melo Ano de edi\u00e7\u00e3o:\u00a0 1975 Editor: Edi\u00e7\u00e3o do Autor Idioma: Portugu\u00eas Dimens\u00f5es: 13.3 x 0.8 x 18.5 cm Encaderna\u00e7\u00e3o: Capa mole P\u00e1ginas: 152 \u201cRumo \u00e0 Dignidade n\u00e3o \u00e9 um plano econ\u00f3mico, aritm\u00e9tico, o qual na opini\u00e3o do autor, h\u00e1-de caber \u00e0queles que oportunamente forem investidos de compet\u00eancia para governar o [&hellip;]<\/p>\n","protected":false},"featured_media":1823,"comment_status":"open","ping_status":"closed","template":"","meta":{"om_disable_all_campaigns":false,"_monsterinsights_skip_tracking":false,"_monsterinsights_sitenote_active":false,"_monsterinsights_sitenote_note":"","_monsterinsights_sitenote_category":0,"_uf_show_specific_survey":0,"_uf_disable_surveys":false},"product_cat":[30,51],"product_tag":[],"aioseo_notices":[],"jetpack_sharing_enabled":true,"_links":{"self":[{"href":"https:\/\/casadolivreiro.pt\/index.php\/wp-json\/wp\/v2\/product\/1822"}],"collection":[{"href":"https:\/\/casadolivreiro.pt\/index.php\/wp-json\/wp\/v2\/product"}],"about":[{"href":"https:\/\/casadolivreiro.pt\/index.php\/wp-json\/wp\/v2\/types\/product"}],"replies":[{"embeddable":true,"href":"https:\/\/casadolivreiro.pt\/index.php\/wp-json\/wp\/v2\/comments?post=1822"}],"wp:featuredmedia":[{"embeddable":true,"href":"https:\/\/casadolivreiro.pt\/index.php\/wp-json\/wp\/v2\/media\/1823"}],"wp:attachment":[{"href":"https:\/\/casadolivreiro.pt\/index.php\/wp-json\/wp\/v2\/media?parent=1822"}],"wp:term":[{"taxonomy":"product_cat","embeddable":true,"href":"https:\/\/casadolivreiro.pt\/index.php\/wp-json\/wp\/v2\/product_cat?post=1822"},{"taxonomy":"product_tag","embeddable":true,"href":"https:\/\/casadolivreiro.pt\/index.php\/wp-json\/wp\/v2\/product_tag?post=1822"}],"curies":[{"name":"wp","href":"https:\/\/api.w.org\/{rel}","templated":true}]}}