{"id":1818,"date":"2024-04-02T19:40:05","date_gmt":"2024-04-02T19:40:05","guid":{"rendered":"https:\/\/casadolivreiro.pt\/?post_type=product&#038;p=1818"},"modified":"2024-04-02T19:40:05","modified_gmt":"2024-04-02T19:40:05","slug":"o-clube-das-mascaras-angelo-cesar","status":"publish","type":"product","link":"https:\/\/casadolivreiro.pt\/index.php\/product\/o-clube-das-mascaras-angelo-cesar\/","title":{"rendered":"O CLUBE DAS M\u00c1SCARAS &#8211; \u00c2ngelo C\u00e9sar"},"content":{"rendered":"<p>O CLUBE DAS M\u00c1SCARAS<br \/>\n\u00c2ngelo C\u00e9sar<br \/>\nPr\u00e9mio do concurso de pe\u00e7as in\u00e9ditas para teatro declamado S.N.I. 1965<br \/>\nAno de edi\u00e7\u00e3o:\u00a0 1966<br \/>\nEditor: Edi\u00e7\u00f5es Panorama<br \/>\nIdioma: Portugu\u00eas<br \/>\nDimens\u00f5es: 12.4 x 0.8 x 19.5 cm<br \/>\nEncaderna\u00e7\u00e3o: Capa mole<br \/>\nP\u00e1ginas: 82<\/p>\n","protected":false},"excerpt":{"rendered":"<p>O CLUBE DAS M\u00c1SCARAS \u00c2ngelo C\u00e9sar Pr\u00e9mio do concurso de pe\u00e7as in\u00e9ditas para teatro declamado S.N.I. 1965 Ano de edi\u00e7\u00e3o:\u00a0 1966 Editor: Edi\u00e7\u00f5es Panorama Idioma: Portugu\u00eas Dimens\u00f5es: 12.4 x 0.8 x 19.5 cm Encaderna\u00e7\u00e3o: Capa mole P\u00e1ginas: 82<\/p>\n","protected":false},"featured_media":1819,"comment_status":"open","ping_status":"closed","template":"","meta":{"om_disable_all_campaigns":false,"_monsterinsights_skip_tracking":false,"_monsterinsights_sitenote_active":false,"_monsterinsights_sitenote_note":"","_monsterinsights_sitenote_category":0,"_uf_show_specific_survey":0,"_uf_disable_surveys":false},"product_cat":[25],"product_tag":[],"aioseo_notices":[],"jetpack_sharing_enabled":true,"_links":{"self":[{"href":"https:\/\/casadolivreiro.pt\/index.php\/wp-json\/wp\/v2\/product\/1818"}],"collection":[{"href":"https:\/\/casadolivreiro.pt\/index.php\/wp-json\/wp\/v2\/product"}],"about":[{"href":"https:\/\/casadolivreiro.pt\/index.php\/wp-json\/wp\/v2\/types\/product"}],"replies":[{"embeddable":true,"href":"https:\/\/casadolivreiro.pt\/index.php\/wp-json\/wp\/v2\/comments?post=1818"}],"wp:featuredmedia":[{"embeddable":true,"href":"https:\/\/casadolivreiro.pt\/index.php\/wp-json\/wp\/v2\/media\/1819"}],"wp:attachment":[{"href":"https:\/\/casadolivreiro.pt\/index.php\/wp-json\/wp\/v2\/media?parent=1818"}],"wp:term":[{"taxonomy":"product_cat","embeddable":true,"href":"https:\/\/casadolivreiro.pt\/index.php\/wp-json\/wp\/v2\/product_cat?post=1818"},{"taxonomy":"product_tag","embeddable":true,"href":"https:\/\/casadolivreiro.pt\/index.php\/wp-json\/wp\/v2\/product_tag?post=1818"}],"curies":[{"name":"wp","href":"https:\/\/api.w.org\/{rel}","templated":true}]}}