{"id":1806,"date":"2024-04-02T18:42:27","date_gmt":"2024-04-02T18:42:27","guid":{"rendered":"https:\/\/casadolivreiro.pt\/?post_type=product&#038;p=1806"},"modified":"2024-04-02T20:45:24","modified_gmt":"2024-04-02T20:45:24","slug":"a-quarta-alianca-gonzalo-giner","status":"publish","type":"product","link":"https:\/\/casadolivreiro.pt\/index.php\/product\/a-quarta-alianca-gonzalo-giner\/","title":{"rendered":"A QUARTA ALIAN\u00c7A &#8211; Gonzalo Giner"},"content":{"rendered":"<p>A QUARTA ALIAN\u00c7A<br \/>\nGonzalo Giner<br \/>\nTradu\u00e7\u00e3o de M\u00e1rio Dias Correia<br \/>\nColec\u00e7\u00e3o Enigmas da Hist\u00f3ria<br \/>\nAno de edi\u00e7\u00e3o:\u00a0 2006<br \/>\nEditor: Editora Ulisseia Lda.<br \/>\nIdioma: Portugu\u00eas<br \/>\nDimens\u00f5es: 14 x 2.2 x 21.4 cm<br \/>\nEncaderna\u00e7\u00e3o: Capa mole<br \/>\nP\u00e1ginas: 397<\/p>\n","protected":false},"excerpt":{"rendered":"<p>A QUARTA ALIAN\u00c7A Gonzalo Giner Tradu\u00e7\u00e3o de M\u00e1rio Dias Correia Colec\u00e7\u00e3o Enigmas da Hist\u00f3ria Ano de edi\u00e7\u00e3o:\u00a0 2006 Editor: Editora Ulisseia Lda. Idioma: Portugu\u00eas Dimens\u00f5es: 14 x 2.2 x 21.4 cm Encaderna\u00e7\u00e3o: Capa mole P\u00e1ginas: 397<\/p>\n","protected":false},"featured_media":1807,"comment_status":"open","ping_status":"closed","template":"","meta":{"om_disable_all_campaigns":false,"_monsterinsights_skip_tracking":false,"_monsterinsights_sitenote_active":false,"_monsterinsights_sitenote_note":"","_monsterinsights_sitenote_category":0,"_uf_show_specific_survey":0,"_uf_disable_surveys":false},"product_cat":[30,38],"product_tag":[],"aioseo_notices":[],"jetpack_sharing_enabled":true,"_links":{"self":[{"href":"https:\/\/casadolivreiro.pt\/index.php\/wp-json\/wp\/v2\/product\/1806"}],"collection":[{"href":"https:\/\/casadolivreiro.pt\/index.php\/wp-json\/wp\/v2\/product"}],"about":[{"href":"https:\/\/casadolivreiro.pt\/index.php\/wp-json\/wp\/v2\/types\/product"}],"replies":[{"embeddable":true,"href":"https:\/\/casadolivreiro.pt\/index.php\/wp-json\/wp\/v2\/comments?post=1806"}],"wp:featuredmedia":[{"embeddable":true,"href":"https:\/\/casadolivreiro.pt\/index.php\/wp-json\/wp\/v2\/media\/1807"}],"wp:attachment":[{"href":"https:\/\/casadolivreiro.pt\/index.php\/wp-json\/wp\/v2\/media?parent=1806"}],"wp:term":[{"taxonomy":"product_cat","embeddable":true,"href":"https:\/\/casadolivreiro.pt\/index.php\/wp-json\/wp\/v2\/product_cat?post=1806"},{"taxonomy":"product_tag","embeddable":true,"href":"https:\/\/casadolivreiro.pt\/index.php\/wp-json\/wp\/v2\/product_tag?post=1806"}],"curies":[{"name":"wp","href":"https:\/\/api.w.org\/{rel}","templated":true}]}}