{"id":1802,"date":"2024-04-02T18:34:44","date_gmt":"2024-04-02T18:34:44","guid":{"rendered":"https:\/\/casadolivreiro.pt\/?post_type=product&#038;p=1802"},"modified":"2024-04-02T18:34:44","modified_gmt":"2024-04-02T18:34:44","slug":"o-anel-a-heranca-do-ultimo-templario-jorge-molist","status":"publish","type":"product","link":"https:\/\/casadolivreiro.pt\/index.php\/product\/o-anel-a-heranca-do-ultimo-templario-jorge-molist\/","title":{"rendered":"O ANEL: A HERAN\u00c7A DO \u00daLTIMO TEMPL\u00c1RIO &#8211; Jorge Molist"},"content":{"rendered":"<p>O ANEL: A HERAN\u00c7A DO \u00daLTIMO TEMPL\u00c1RIO<br \/>\nJorge Molist<br \/>\nTradu\u00e7\u00e3o de Fernando Dias Antunes<br \/>\nColec\u00e7\u00e3o Enigmas da Hist\u00f3ria<br \/>\nISBN: 978-84-611-4996-4<br \/>\nAno de edi\u00e7\u00e3o:\u00a0 2006<br \/>\nEditor: \u00c9squilo edi\u00e7\u00f5es e multim\u00e9dia Lda.<br \/>\nIdioma: Portugu\u00eas<br \/>\nDimens\u00f5es: 14 x 1.5 x 21.4 cm<br \/>\nEncaderna\u00e7\u00e3o: Capa mole<br \/>\nP\u00e1ginas: 278<\/p>\n","protected":false},"excerpt":{"rendered":"<p>O ANEL: A HERAN\u00c7A DO \u00daLTIMO TEMPL\u00c1RIO Jorge Molist Tradu\u00e7\u00e3o de Fernando Dias Antunes Colec\u00e7\u00e3o Enigmas da Hist\u00f3ria ISBN: 978-84-611-4996-4 Ano de edi\u00e7\u00e3o:\u00a0 2006 Editor: \u00c9squilo edi\u00e7\u00f5es e multim\u00e9dia Lda. Idioma: Portugu\u00eas Dimens\u00f5es: 14 x 1.5 x 21.4 cm Encaderna\u00e7\u00e3o: Capa mole P\u00e1ginas: 278<\/p>\n","protected":false},"featured_media":1803,"comment_status":"open","ping_status":"closed","template":"","meta":{"om_disable_all_campaigns":false,"_monsterinsights_skip_tracking":false,"_monsterinsights_sitenote_active":false,"_monsterinsights_sitenote_note":"","_monsterinsights_sitenote_category":0,"_uf_show_specific_survey":0,"_uf_disable_surveys":false},"product_cat":[30,38],"product_tag":[],"aioseo_notices":[],"jetpack_sharing_enabled":true,"_links":{"self":[{"href":"https:\/\/casadolivreiro.pt\/index.php\/wp-json\/wp\/v2\/product\/1802"}],"collection":[{"href":"https:\/\/casadolivreiro.pt\/index.php\/wp-json\/wp\/v2\/product"}],"about":[{"href":"https:\/\/casadolivreiro.pt\/index.php\/wp-json\/wp\/v2\/types\/product"}],"replies":[{"embeddable":true,"href":"https:\/\/casadolivreiro.pt\/index.php\/wp-json\/wp\/v2\/comments?post=1802"}],"wp:featuredmedia":[{"embeddable":true,"href":"https:\/\/casadolivreiro.pt\/index.php\/wp-json\/wp\/v2\/media\/1803"}],"wp:attachment":[{"href":"https:\/\/casadolivreiro.pt\/index.php\/wp-json\/wp\/v2\/media?parent=1802"}],"wp:term":[{"taxonomy":"product_cat","embeddable":true,"href":"https:\/\/casadolivreiro.pt\/index.php\/wp-json\/wp\/v2\/product_cat?post=1802"},{"taxonomy":"product_tag","embeddable":true,"href":"https:\/\/casadolivreiro.pt\/index.php\/wp-json\/wp\/v2\/product_tag?post=1802"}],"curies":[{"name":"wp","href":"https:\/\/api.w.org\/{rel}","templated":true}]}}