{"id":1800,"date":"2024-04-02T18:31:14","date_gmt":"2024-04-02T18:31:14","guid":{"rendered":"https:\/\/casadolivreiro.pt\/?post_type=product&#038;p=1800"},"modified":"2024-04-02T18:31:15","modified_gmt":"2024-04-02T18:31:15","slug":"a-sombra-do-templario-nuria-masot","status":"publish","type":"product","link":"https:\/\/casadolivreiro.pt\/index.php\/product\/a-sombra-do-templario-nuria-masot\/","title":{"rendered":"A SOMBRA DO TEMPL\u00c1RIO &#8211; N\u00faria Masot"},"content":{"rendered":"<p>A SOMBRA DO TEMPL\u00c1RIO<br \/>\nN\u00faria Masot<br \/>\nTradu\u00e7\u00e3o de Magda Bigotte de Figueirede<br \/>\nColec\u00e7\u00e3o Enigmas da Hist\u00f3ria<br \/>\nISBN: 978-84-611-4998-8<br \/>\nAno de edi\u00e7\u00e3o:\u00a0 2006<br \/>\nEditor: Publica\u00e7\u00f5es Dom Quixote<br \/>\nIdioma: Portugu\u00eas<br \/>\nDimens\u00f5es: 14 x 1.3 x 21.4 cm<br \/>\nEncaderna\u00e7\u00e3o: Capa mole<br \/>\nP\u00e1ginas: 218<\/p>\n","protected":false},"excerpt":{"rendered":"<p>A SOMBRA DO TEMPL\u00c1RIO N\u00faria Masot Tradu\u00e7\u00e3o de Magda Bigotte de Figueirede Colec\u00e7\u00e3o Enigmas da Hist\u00f3ria ISBN: 978-84-611-4998-8 Ano de edi\u00e7\u00e3o:\u00a0 2006 Editor: Publica\u00e7\u00f5es Dom Quixote Idioma: Portugu\u00eas Dimens\u00f5es: 14 x 1.3 x 21.4 cm Encaderna\u00e7\u00e3o: Capa mole P\u00e1ginas: 218<\/p>\n","protected":false},"featured_media":1801,"comment_status":"open","ping_status":"closed","template":"","meta":{"om_disable_all_campaigns":false,"_monsterinsights_skip_tracking":false,"_monsterinsights_sitenote_active":false,"_monsterinsights_sitenote_note":"","_monsterinsights_sitenote_category":0,"_uf_show_specific_survey":0,"_uf_disable_surveys":false},"product_cat":[30,38],"product_tag":[],"aioseo_notices":[],"jetpack_sharing_enabled":true,"_links":{"self":[{"href":"https:\/\/casadolivreiro.pt\/index.php\/wp-json\/wp\/v2\/product\/1800"}],"collection":[{"href":"https:\/\/casadolivreiro.pt\/index.php\/wp-json\/wp\/v2\/product"}],"about":[{"href":"https:\/\/casadolivreiro.pt\/index.php\/wp-json\/wp\/v2\/types\/product"}],"replies":[{"embeddable":true,"href":"https:\/\/casadolivreiro.pt\/index.php\/wp-json\/wp\/v2\/comments?post=1800"}],"wp:featuredmedia":[{"embeddable":true,"href":"https:\/\/casadolivreiro.pt\/index.php\/wp-json\/wp\/v2\/media\/1801"}],"wp:attachment":[{"href":"https:\/\/casadolivreiro.pt\/index.php\/wp-json\/wp\/v2\/media?parent=1800"}],"wp:term":[{"taxonomy":"product_cat","embeddable":true,"href":"https:\/\/casadolivreiro.pt\/index.php\/wp-json\/wp\/v2\/product_cat?post=1800"},{"taxonomy":"product_tag","embeddable":true,"href":"https:\/\/casadolivreiro.pt\/index.php\/wp-json\/wp\/v2\/product_tag?post=1800"}],"curies":[{"name":"wp","href":"https:\/\/api.w.org\/{rel}","templated":true}]}}