{"id":1796,"date":"2024-04-02T18:24:23","date_gmt":"2024-04-02T18:24:23","guid":{"rendered":"https:\/\/casadolivreiro.pt\/?post_type=product&#038;p=1796"},"modified":"2024-04-02T18:24:23","modified_gmt":"2024-04-02T18:24:23","slug":"os-tesouros-da-arte-gotica-jean-devaux","status":"publish","type":"product","link":"https:\/\/casadolivreiro.pt\/index.php\/product\/os-tesouros-da-arte-gotica-jean-devaux\/","title":{"rendered":"OS TESOUROS DA ARTE G\u00d3TICA &#8211; Jean Devaux"},"content":{"rendered":"<p>OS TESOUROS DA ARTE G\u00d3TICA<br \/>\nJean Devaux<br \/>\nTradu\u00e7\u00e3o revista por R. Correia<br \/>\nAno de edi\u00e7\u00e3o:\u00a0 1974<br \/>\nEditor: Amigos do Livro, Editores, Lda., Lisboa<br \/>\nIdioma: Portugu\u00eas<br \/>\nDimens\u00f5es: 20.5 x 1.7 x 28 cm<br \/>\nEncaderna\u00e7\u00e3o: Capa dura<br \/>\nP\u00e1ginas: 65 p\u00e1gs. e LVI\u00a0\u00a0 (193)<\/p>\n","protected":false},"excerpt":{"rendered":"<p>OS TESOUROS DA ARTE G\u00d3TICA Jean Devaux Tradu\u00e7\u00e3o revista por R. Correia Ano de edi\u00e7\u00e3o:\u00a0 1974 Editor: Amigos do Livro, Editores, Lda., Lisboa Idioma: Portugu\u00eas Dimens\u00f5es: 20.5 x 1.7 x 28 cm Encaderna\u00e7\u00e3o: Capa dura P\u00e1ginas: 65 p\u00e1gs. e LVI\u00a0\u00a0 (193)<\/p>\n","protected":false},"featured_media":1797,"comment_status":"open","ping_status":"closed","template":"","meta":{"om_disable_all_campaigns":false,"_monsterinsights_skip_tracking":false,"_monsterinsights_sitenote_active":false,"_monsterinsights_sitenote_note":"","_monsterinsights_sitenote_category":0,"_uf_show_specific_survey":0,"_uf_disable_surveys":false},"product_cat":[24,30],"product_tag":[],"aioseo_notices":[],"jetpack_sharing_enabled":true,"_links":{"self":[{"href":"https:\/\/casadolivreiro.pt\/index.php\/wp-json\/wp\/v2\/product\/1796"}],"collection":[{"href":"https:\/\/casadolivreiro.pt\/index.php\/wp-json\/wp\/v2\/product"}],"about":[{"href":"https:\/\/casadolivreiro.pt\/index.php\/wp-json\/wp\/v2\/types\/product"}],"replies":[{"embeddable":true,"href":"https:\/\/casadolivreiro.pt\/index.php\/wp-json\/wp\/v2\/comments?post=1796"}],"wp:featuredmedia":[{"embeddable":true,"href":"https:\/\/casadolivreiro.pt\/index.php\/wp-json\/wp\/v2\/media\/1797"}],"wp:attachment":[{"href":"https:\/\/casadolivreiro.pt\/index.php\/wp-json\/wp\/v2\/media?parent=1796"}],"wp:term":[{"taxonomy":"product_cat","embeddable":true,"href":"https:\/\/casadolivreiro.pt\/index.php\/wp-json\/wp\/v2\/product_cat?post=1796"},{"taxonomy":"product_tag","embeddable":true,"href":"https:\/\/casadolivreiro.pt\/index.php\/wp-json\/wp\/v2\/product_tag?post=1796"}],"curies":[{"name":"wp","href":"https:\/\/api.w.org\/{rel}","templated":true}]}}