{"id":1784,"date":"2024-04-02T17:55:22","date_gmt":"2024-04-02T17:55:22","guid":{"rendered":"https:\/\/casadolivreiro.pt\/?post_type=product&#038;p=1784"},"modified":"2024-04-02T18:00:12","modified_gmt":"2024-04-02T18:00:12","slug":"os-tesouros-da-babilonia-guy-annequin","status":"publish","type":"product","link":"https:\/\/casadolivreiro.pt\/index.php\/product\/os-tesouros-da-babilonia-guy-annequin\/","title":{"rendered":"OS TESOUROS DA BABIL\u00d3NIA &#8211; Guy Annequin"},"content":{"rendered":"<p>OS TESOUROS DA BABIL\u00d3NIA<br \/>\nGuy Annequin<br \/>\nTradu\u00e7\u00e3o revista por L. Nazar\u00e9<br \/>\nAno de edi\u00e7\u00e3o:\u00a0 1974<br \/>\nEditor: Amigos do Livro, Editores, Lda., Lisboa<br \/>\nIdioma: Portugu\u00eas<br \/>\nDimens\u00f5es: 20.5 x 1.7 x 28 cm<br \/>\nEncaderna\u00e7\u00e3o: Capa dura<br \/>\nP\u00e1ginas: 58p\u00e1gs. e LVI<\/p>\n","protected":false},"excerpt":{"rendered":"<p>OS TESOUROS DA BABIL\u00d3NIA Guy Annequin Tradu\u00e7\u00e3o revista por L. Nazar\u00e9 Ano de edi\u00e7\u00e3o:\u00a0 1974 Editor: Amigos do Livro, Editores, Lda., Lisboa Idioma: Portugu\u00eas Dimens\u00f5es: 20.5 x 1.7 x 28 cm Encaderna\u00e7\u00e3o: Capa dura P\u00e1ginas: 58p\u00e1gs. e LVI<\/p>\n","protected":false},"featured_media":1785,"comment_status":"open","ping_status":"closed","template":"","meta":{"om_disable_all_campaigns":false,"_monsterinsights_skip_tracking":false,"_monsterinsights_sitenote_active":false,"_monsterinsights_sitenote_note":"","_monsterinsights_sitenote_category":0,"_uf_show_specific_survey":0,"_uf_disable_surveys":false},"product_cat":[24,30],"product_tag":[],"aioseo_notices":[],"jetpack_sharing_enabled":true,"_links":{"self":[{"href":"https:\/\/casadolivreiro.pt\/index.php\/wp-json\/wp\/v2\/product\/1784"}],"collection":[{"href":"https:\/\/casadolivreiro.pt\/index.php\/wp-json\/wp\/v2\/product"}],"about":[{"href":"https:\/\/casadolivreiro.pt\/index.php\/wp-json\/wp\/v2\/types\/product"}],"replies":[{"embeddable":true,"href":"https:\/\/casadolivreiro.pt\/index.php\/wp-json\/wp\/v2\/comments?post=1784"}],"wp:featuredmedia":[{"embeddable":true,"href":"https:\/\/casadolivreiro.pt\/index.php\/wp-json\/wp\/v2\/media\/1785"}],"wp:attachment":[{"href":"https:\/\/casadolivreiro.pt\/index.php\/wp-json\/wp\/v2\/media?parent=1784"}],"wp:term":[{"taxonomy":"product_cat","embeddable":true,"href":"https:\/\/casadolivreiro.pt\/index.php\/wp-json\/wp\/v2\/product_cat?post=1784"},{"taxonomy":"product_tag","embeddable":true,"href":"https:\/\/casadolivreiro.pt\/index.php\/wp-json\/wp\/v2\/product_tag?post=1784"}],"curies":[{"name":"wp","href":"https:\/\/api.w.org\/{rel}","templated":true}]}}