{"id":1782,"date":"2024-04-02T11:22:54","date_gmt":"2024-04-02T11:22:54","guid":{"rendered":"https:\/\/casadolivreiro.pt\/?post_type=product&#038;p=1782"},"modified":"2024-04-02T11:22:54","modified_gmt":"2024-04-02T11:22:54","slug":"lami-fritz-erckmann-chatrian","status":"publish","type":"product","link":"https:\/\/casadolivreiro.pt\/index.php\/product\/lami-fritz-erckmann-chatrian\/","title":{"rendered":"L\u2019AMI FRITZ &#8211; Erckmann Chatrian"},"content":{"rendered":"<p>L\u2019AMI FRITZ<br \/>\nErckmann Chatrian<br \/>\nId\u00e9al-Bibliotheque, Illustrations de Nemecek<br \/>\nAno de edi\u00e7\u00e3o:\u00a0 1921<br \/>\nEditor: \u00c9ditions Pierre Lafitte, Paris<br \/>\nIdioma: Franc\u00eas<br \/>\nDimens\u00f5es: 17 x 0.9 x 24 cm<br \/>\nEncaderna\u00e7\u00e3o: Capa mole<br \/>\nP\u00e1ginas: 162 e XXXIII<\/p>\n","protected":false},"excerpt":{"rendered":"<p>L\u2019AMI FRITZ Erckmann Chatrian Id\u00e9al-Bibliotheque, Illustrations de Nemecek Ano de edi\u00e7\u00e3o:\u00a0 1921 Editor: \u00c9ditions Pierre Lafitte, Paris Idioma: Franc\u00eas Dimens\u00f5es: 17 x 0.9 x 24 cm Encaderna\u00e7\u00e3o: Capa mole P\u00e1ginas: 162 e XXXIII<\/p>\n","protected":false},"featured_media":1783,"comment_status":"open","ping_status":"closed","template":"","meta":{"om_disable_all_campaigns":false,"_monsterinsights_skip_tracking":false,"_monsterinsights_sitenote_active":false,"_monsterinsights_sitenote_note":"","_monsterinsights_sitenote_category":0,"_uf_show_specific_survey":0,"_uf_disable_surveys":false},"product_cat":[56,65,37],"product_tag":[],"aioseo_notices":[],"jetpack_sharing_enabled":true,"_links":{"self":[{"href":"https:\/\/casadolivreiro.pt\/index.php\/wp-json\/wp\/v2\/product\/1782"}],"collection":[{"href":"https:\/\/casadolivreiro.pt\/index.php\/wp-json\/wp\/v2\/product"}],"about":[{"href":"https:\/\/casadolivreiro.pt\/index.php\/wp-json\/wp\/v2\/types\/product"}],"replies":[{"embeddable":true,"href":"https:\/\/casadolivreiro.pt\/index.php\/wp-json\/wp\/v2\/comments?post=1782"}],"wp:featuredmedia":[{"embeddable":true,"href":"https:\/\/casadolivreiro.pt\/index.php\/wp-json\/wp\/v2\/media\/1783"}],"wp:attachment":[{"href":"https:\/\/casadolivreiro.pt\/index.php\/wp-json\/wp\/v2\/media?parent=1782"}],"wp:term":[{"taxonomy":"product_cat","embeddable":true,"href":"https:\/\/casadolivreiro.pt\/index.php\/wp-json\/wp\/v2\/product_cat?post=1782"},{"taxonomy":"product_tag","embeddable":true,"href":"https:\/\/casadolivreiro.pt\/index.php\/wp-json\/wp\/v2\/product_tag?post=1782"}],"curies":[{"name":"wp","href":"https:\/\/api.w.org\/{rel}","templated":true}]}}