{"id":1780,"date":"2024-04-02T11:18:12","date_gmt":"2024-04-02T11:18:12","guid":{"rendered":"https:\/\/casadolivreiro.pt\/?post_type=product&#038;p=1780"},"modified":"2024-04-02T11:18:12","modified_gmt":"2024-04-02T11:18:12","slug":"science-et-vie-numero-hors-serie-lautomobile-et-la-motocycllette","status":"publish","type":"product","link":"https:\/\/casadolivreiro.pt\/index.php\/product\/science-et-vie-numero-hors-serie-lautomobile-et-la-motocycllette\/","title":{"rendered":"SCIENCE ET VIE Num\u00e9ro hors s\u00e9rie &#8211; L\u2019AUTOMOBILE ET LA MOTOCYCLLETTE"},"content":{"rendered":"<p>SCIENCE ET VIE<br \/>\nNum\u00e9ro hors s\u00e9rie<br \/>\nL\u2019AUTOMOBILE ET LA MOTOCYCLLETTE<br \/>\nAno de edi\u00e7\u00e3o:\u00a0 1954 &#8211; 1955<br \/>\nEditor: Science et Vie, Paris<br \/>\nIdioma: Franc\u00eas<br \/>\nDimens\u00f5es: 17 x 0.9 x 24 cm<br \/>\nEncaderna\u00e7\u00e3o: Capa mole<br \/>\nP\u00e1ginas: 162 e XXXIII<\/p>\n","protected":false},"excerpt":{"rendered":"<p>SCIENCE ET VIE Num\u00e9ro hors s\u00e9rie L\u2019AUTOMOBILE ET LA MOTOCYCLLETTE Ano de edi\u00e7\u00e3o:\u00a0 1954 &#8211; 1955 Editor: Science et Vie, Paris Idioma: Franc\u00eas Dimens\u00f5es: 17 x 0.9 x 24 cm Encaderna\u00e7\u00e3o: Capa mole P\u00e1ginas: 162 e XXXIII<\/p>\n","protected":false},"featured_media":1781,"comment_status":"open","ping_status":"closed","template":"","meta":{"om_disable_all_campaigns":false,"_monsterinsights_skip_tracking":false,"_monsterinsights_sitenote_active":false,"_monsterinsights_sitenote_note":"","_monsterinsights_sitenote_category":0,"_uf_show_specific_survey":0,"_uf_disable_surveys":false},"product_cat":[32,65],"product_tag":[],"aioseo_notices":[],"jetpack_sharing_enabled":true,"_links":{"self":[{"href":"https:\/\/casadolivreiro.pt\/index.php\/wp-json\/wp\/v2\/product\/1780"}],"collection":[{"href":"https:\/\/casadolivreiro.pt\/index.php\/wp-json\/wp\/v2\/product"}],"about":[{"href":"https:\/\/casadolivreiro.pt\/index.php\/wp-json\/wp\/v2\/types\/product"}],"replies":[{"embeddable":true,"href":"https:\/\/casadolivreiro.pt\/index.php\/wp-json\/wp\/v2\/comments?post=1780"}],"wp:featuredmedia":[{"embeddable":true,"href":"https:\/\/casadolivreiro.pt\/index.php\/wp-json\/wp\/v2\/media\/1781"}],"wp:attachment":[{"href":"https:\/\/casadolivreiro.pt\/index.php\/wp-json\/wp\/v2\/media?parent=1780"}],"wp:term":[{"taxonomy":"product_cat","embeddable":true,"href":"https:\/\/casadolivreiro.pt\/index.php\/wp-json\/wp\/v2\/product_cat?post=1780"},{"taxonomy":"product_tag","embeddable":true,"href":"https:\/\/casadolivreiro.pt\/index.php\/wp-json\/wp\/v2\/product_tag?post=1780"}],"curies":[{"name":"wp","href":"https:\/\/api.w.org\/{rel}","templated":true}]}}