{"id":1776,"date":"2024-04-02T11:10:46","date_gmt":"2024-04-02T11:10:46","guid":{"rendered":"https:\/\/casadolivreiro.pt\/?post_type=product&#038;p=1776"},"modified":"2024-04-02T11:10:46","modified_gmt":"2024-04-02T11:10:46","slug":"artes-plasticas-no-5-setembro-74-revista-de-artes-plasticas","status":"publish","type":"product","link":"https:\/\/casadolivreiro.pt\/index.php\/product\/artes-plasticas-no-5-setembro-74-revista-de-artes-plasticas\/","title":{"rendered":"ARTES PL\u00c1STICAS No.5, Setembro 74 &#8211; Revista de artes pl\u00e1sticas"},"content":{"rendered":"<p>ARTES PL\u00c1STICAS No.5, Setembro 74<br \/>\nRevista de artes pl\u00e1sticas<br \/>\nAn\u00e1lise, Cr\u00edtica \u2013 Ensio e informa\u00e7\u00e3o<br \/>\nDirec\u00e7\u00e3o: Eg\u00eddio \u00c0lvaro<br \/>\nAno de edi\u00e7\u00e3o:\u00a0 1974<br \/>\nEditor: Artes Pl\u00e1sticas, Porto<br \/>\nIdioma: Portugu\u00eas<br \/>\nDimens\u00f5es: 23 x 0.4 x 30.7<br \/>\nEncaderna\u00e7\u00e3o: Capa mole<br \/>\nP\u00e1ginas: 50<\/p>\n","protected":false},"excerpt":{"rendered":"<p>ARTES PL\u00c1STICAS No.5, Setembro 74 Revista de artes pl\u00e1sticas An\u00e1lise, Cr\u00edtica \u2013 Ensio e informa\u00e7\u00e3o Direc\u00e7\u00e3o: Eg\u00eddio \u00c0lvaro Ano de edi\u00e7\u00e3o:\u00a0 1974 Editor: Artes Pl\u00e1sticas, Porto Idioma: Portugu\u00eas Dimens\u00f5es: 23 x 0.4 x 30.7 Encaderna\u00e7\u00e3o: Capa mole P\u00e1ginas: 50<\/p>\n","protected":false},"featured_media":1777,"comment_status":"open","ping_status":"closed","template":"","meta":{"om_disable_all_campaigns":false,"_monsterinsights_skip_tracking":false,"_monsterinsights_sitenote_active":false,"_monsterinsights_sitenote_note":"","_monsterinsights_sitenote_category":0,"_uf_show_specific_survey":0,"_uf_disable_surveys":false},"product_cat":[24,65],"product_tag":[],"aioseo_notices":[],"jetpack_sharing_enabled":true,"_links":{"self":[{"href":"https:\/\/casadolivreiro.pt\/index.php\/wp-json\/wp\/v2\/product\/1776"}],"collection":[{"href":"https:\/\/casadolivreiro.pt\/index.php\/wp-json\/wp\/v2\/product"}],"about":[{"href":"https:\/\/casadolivreiro.pt\/index.php\/wp-json\/wp\/v2\/types\/product"}],"replies":[{"embeddable":true,"href":"https:\/\/casadolivreiro.pt\/index.php\/wp-json\/wp\/v2\/comments?post=1776"}],"wp:featuredmedia":[{"embeddable":true,"href":"https:\/\/casadolivreiro.pt\/index.php\/wp-json\/wp\/v2\/media\/1777"}],"wp:attachment":[{"href":"https:\/\/casadolivreiro.pt\/index.php\/wp-json\/wp\/v2\/media?parent=1776"}],"wp:term":[{"taxonomy":"product_cat","embeddable":true,"href":"https:\/\/casadolivreiro.pt\/index.php\/wp-json\/wp\/v2\/product_cat?post=1776"},{"taxonomy":"product_tag","embeddable":true,"href":"https:\/\/casadolivreiro.pt\/index.php\/wp-json\/wp\/v2\/product_tag?post=1776"}],"curies":[{"name":"wp","href":"https:\/\/api.w.org\/{rel}","templated":true}]}}