{"id":1774,"date":"2024-04-02T11:07:34","date_gmt":"2024-04-02T11:07:34","guid":{"rendered":"https:\/\/casadolivreiro.pt\/?post_type=product&#038;p=1774"},"modified":"2024-04-02T11:07:34","modified_gmt":"2024-04-02T11:07:34","slug":"flemish-painting-portfolio-edition","status":"publish","type":"product","link":"https:\/\/casadolivreiro.pt\/index.php\/product\/flemish-painting-portfolio-edition\/","title":{"rendered":"FLEMISH PAINTING: Portfolio Edition"},"content":{"rendered":"<p>FLEMISH PAINTING: Portfolio Edition<br \/>\nColor Reproductions of\u00a0 Jan and Hubert Van Eyck, Christus, Van Der Weyden, Memling, Patinir,\u00a0 Bruegel, Rubens, Brouwer, Van Dyck<br \/>\nText by Julius S. Held<br \/>\nThe Library of Great painters<br \/>\nAno de edi\u00e7\u00e3o:\u00a0 1953<br \/>\nEditor: Harry N. Abrams Publishers, New York<br \/>\nIdioma: Ingl\u00eas<br \/>\nDimens\u00f5es: 25.3 x 0.4 x 32<br \/>\nEncaderna\u00e7\u00e3o: Capa mole<br \/>\nP\u00e1ginas: 24<\/p>\n","protected":false},"excerpt":{"rendered":"<p>FLEMISH PAINTING: Portfolio Edition Color Reproductions of\u00a0 Jan and Hubert Van Eyck, Christus, Van Der Weyden, Memling, Patinir,\u00a0 Bruegel, Rubens, Brouwer, Van Dyck Text by Julius S. Held The Library of Great painters Ano de edi\u00e7\u00e3o:\u00a0 1953 Editor: Harry N. Abrams Publishers, New York Idioma: Ingl\u00eas Dimens\u00f5es: 25.3 x 0.4 x 32 Encaderna\u00e7\u00e3o: Capa mole [&hellip;]<\/p>\n","protected":false},"featured_media":1775,"comment_status":"open","ping_status":"closed","template":"","meta":{"om_disable_all_campaigns":false,"_monsterinsights_skip_tracking":false,"_monsterinsights_sitenote_active":false,"_monsterinsights_sitenote_note":"","_monsterinsights_sitenote_category":0,"_uf_show_specific_survey":0,"_uf_disable_surveys":false},"product_cat":[24,49,65],"product_tag":[],"aioseo_notices":[],"jetpack_sharing_enabled":true,"_links":{"self":[{"href":"https:\/\/casadolivreiro.pt\/index.php\/wp-json\/wp\/v2\/product\/1774"}],"collection":[{"href":"https:\/\/casadolivreiro.pt\/index.php\/wp-json\/wp\/v2\/product"}],"about":[{"href":"https:\/\/casadolivreiro.pt\/index.php\/wp-json\/wp\/v2\/types\/product"}],"replies":[{"embeddable":true,"href":"https:\/\/casadolivreiro.pt\/index.php\/wp-json\/wp\/v2\/comments?post=1774"}],"wp:featuredmedia":[{"embeddable":true,"href":"https:\/\/casadolivreiro.pt\/index.php\/wp-json\/wp\/v2\/media\/1775"}],"wp:attachment":[{"href":"https:\/\/casadolivreiro.pt\/index.php\/wp-json\/wp\/v2\/media?parent=1774"}],"wp:term":[{"taxonomy":"product_cat","embeddable":true,"href":"https:\/\/casadolivreiro.pt\/index.php\/wp-json\/wp\/v2\/product_cat?post=1774"},{"taxonomy":"product_tag","embeddable":true,"href":"https:\/\/casadolivreiro.pt\/index.php\/wp-json\/wp\/v2\/product_tag?post=1774"}],"curies":[{"name":"wp","href":"https:\/\/api.w.org\/{rel}","templated":true}]}}