{"id":1772,"date":"2024-04-02T11:04:02","date_gmt":"2024-04-02T11:04:02","guid":{"rendered":"https:\/\/casadolivreiro.pt\/?post_type=product&#038;p=1772"},"modified":"2024-04-02T11:04:02","modified_gmt":"2024-04-02T11:04:02","slug":"hammonds-historical-atlas-a-collection-of-maps-illustrating-geographically-the-most-significant-periods-and-events-in-the-development-of-western-civilization","status":"publish","type":"product","link":"https:\/\/casadolivreiro.pt\/index.php\/product\/hammonds-historical-atlas-a-collection-of-maps-illustrating-geographically-the-most-significant-periods-and-events-in-the-development-of-western-civilization\/","title":{"rendered":"HAMMOND\u2019S HISTORICAL ATLAS A collection of maps illustrating geographically the most significant periods and events in the development  of Western Civilization"},"content":{"rendered":"<p>HAMMOND\u2019S HISTORICAL ATLAS<br \/>\nA collection of maps illustrating geographically the most significant periods and events in the development\u00a0 of Western Civilization<br \/>\nAno de edi\u00e7\u00e3o:\u00a0 1957<br \/>\nEditor: C.S. Hammond &amp; Co., Maplewood, NJ. USA<br \/>\nIdioma: Ingl\u00eas<br \/>\nDimens\u00f5es: 23.7 x 0.3 x 31<br \/>\nEncaderna\u00e7\u00e3o: Capa mole<br \/>\nP\u00e1ginas: 48<\/p>\n","protected":false},"excerpt":{"rendered":"<p>HAMMOND\u2019S HISTORICAL ATLAS A collection of maps illustrating geographically the most significant periods and events in the development\u00a0 of Western Civilization Ano de edi\u00e7\u00e3o:\u00a0 1957 Editor: C.S. Hammond &amp; Co., Maplewood, NJ. USA Idioma: Ingl\u00eas Dimens\u00f5es: 23.7 x 0.3 x 31 Encaderna\u00e7\u00e3o: Capa mole P\u00e1ginas: 48<\/p>\n","protected":false},"featured_media":1773,"comment_status":"open","ping_status":"closed","template":"","meta":{"om_disable_all_campaigns":false,"_monsterinsights_skip_tracking":false,"_monsterinsights_sitenote_active":false,"_monsterinsights_sitenote_note":"","_monsterinsights_sitenote_category":0,"_uf_show_specific_survey":0,"_uf_disable_surveys":false},"product_cat":[30,65],"product_tag":[],"aioseo_notices":[],"jetpack_sharing_enabled":true,"_links":{"self":[{"href":"https:\/\/casadolivreiro.pt\/index.php\/wp-json\/wp\/v2\/product\/1772"}],"collection":[{"href":"https:\/\/casadolivreiro.pt\/index.php\/wp-json\/wp\/v2\/product"}],"about":[{"href":"https:\/\/casadolivreiro.pt\/index.php\/wp-json\/wp\/v2\/types\/product"}],"replies":[{"embeddable":true,"href":"https:\/\/casadolivreiro.pt\/index.php\/wp-json\/wp\/v2\/comments?post=1772"}],"wp:featuredmedia":[{"embeddable":true,"href":"https:\/\/casadolivreiro.pt\/index.php\/wp-json\/wp\/v2\/media\/1773"}],"wp:attachment":[{"href":"https:\/\/casadolivreiro.pt\/index.php\/wp-json\/wp\/v2\/media?parent=1772"}],"wp:term":[{"taxonomy":"product_cat","embeddable":true,"href":"https:\/\/casadolivreiro.pt\/index.php\/wp-json\/wp\/v2\/product_cat?post=1772"},{"taxonomy":"product_tag","embeddable":true,"href":"https:\/\/casadolivreiro.pt\/index.php\/wp-json\/wp\/v2\/product_tag?post=1772"}],"curies":[{"name":"wp","href":"https:\/\/api.w.org\/{rel}","templated":true}]}}